{"id":12,"date":"2020-02-05T22:15:26","date_gmt":"2020-02-05T22:15:26","guid":{"rendered":"https:\/\/www.dev6-artgrafik.com\/?page_id=12"},"modified":"2026-01-16T14:14:28","modified_gmt":"2026-01-16T14:14:28","slug":"visite-degustation","status":"publish","type":"page","link":"https:\/\/www.huitres-tortillon-latremblade.fr\/index.php\/visite-degustation\/","title":{"rendered":"Visite &#038; D\u00e9gustation"},"content":{"rendered":"\t\t<div data-elementor-type=\"wp-page\" data-elementor-id=\"12\" class=\"elementor elementor-12\" data-elementor-post-type=\"page\">\n\t\t\t\t\t\t<section class=\"elementor-section elementor-top-section elementor-element elementor-element-fd682fe elementor-section-boxed elementor-section-height-default elementor-section-height-default\" data-id=\"fd682fe\" data-element_type=\"section\" data-e-type=\"section\" data-settings=\"{&quot;background_background&quot;:&quot;classic&quot;}\">\n\t\t\t\t\t\t<div class=\"elementor-container elementor-column-gap-default\">\n\t\t\t\t\t<div class=\"elementor-column elementor-col-100 elementor-top-column elementor-element elementor-element-0f3e3b8\" data-id=\"0f3e3b8\" data-element_type=\"column\" data-e-type=\"column\" data-settings=\"{&quot;background_background&quot;:&quot;classic&quot;}\">\n\t\t\t<div class=\"elementor-widget-wrap elementor-element-populated\">\n\t\t\t\t\t\t<div class=\"elementor-element elementor-element-11f5af1 elementor-widget elementor-widget-price-table\" data-id=\"11f5af1\" data-element_type=\"widget\" data-e-type=\"widget\" data-widget_type=\"price-table.default\">\n\t\t\t\t<div class=\"elementor-widget-container\">\n\t\t\t\t\t\n\t\t<div class=\"elementor-price-table\">\n\t\t\t\t\t\t\t<div class=\"elementor-price-table__header\">\n\t\t\t\t\t\t\t\t\t\t\t<h3 class=\"elementor-price-table__heading\">\n\t\t\t\t\t\tVisite et d\u00e9gustation\t\t\t\t\t\t<\/h3>\n\t\t\t\t\t\n\t\t\t\t\t\t\t\t\t\t\t<span class=\"elementor-price-table__subheading\">\n\t\t\t\t\t\t\t<br>Partez \u00e0 la d\u00e9couverte du monde ostr\u00e9icole, suivez l\u2019histoire de cette aventure familiale dans les claires, laissez-les vous conter le m\u00e9tier, la vie de l'hu\u00eetre, de la palourde et de la crevette imp\u00e9riale (gambas), visitez la cabane, impr\u00e9gnez-vous d'un vocabulaire typique, d\u00e9couvrez le chaland, \u00e0 quoi sert le varveux, qu'est-ce-que la maline ? <br><br>\u201c De la claire \u00e0 l'assiette, nous vous transmettons le go\u00fbt de notre passion. \u201d <br><br>Une d\u00e9gustation cl\u00f4turera la visite dans une ambiance conviviale et typique<br><br>Groupe minimum de 10 personnes\t\t\t\t\t\t<\/span>\n\t\t\t\t\t\t\t\t\t<\/div>\n\t\t\t\n\t\t\t<div class=\"elementor-price-table__price\">\n\t\t\t\t\t\t\t\t\t\t\t\t\t\t\t\t\t<span class=\"elementor-price-table__integer-part\">\n\t\t\t\t\t\t8\t\t\t\t\t<\/span>\n\t\t\t\t\n\t\t\t\t\n\t\t\t\t<span class=\"elementor-price-table__currency\">&#128;<\/span>\n\t\t\t\t\t\t\t\t\t<span class=\"elementor-price-table__period elementor-typo-excluded\">par personne<\/span>\t\t\t\t\t\t\t<\/div>\n\n\t\t\t\t\t\t\t<ul class=\"elementor-price-table__features-list\">\n\t\t\t\t\t\t\t\t\t\t\t<li class=\"elementor-repeater-item-74513ef\">\n\t\t\t\t\t\t\t<div class=\"elementor-price-table__feature-inner\">\n\t\t\t\t\t\t\t\t<i aria-hidden=\"true\" class=\"fas fa-water\"><\/i>\t\t\t\t\t\t\t\t\t\t\t\t\t\t\t\t\t<span >\n\t\t\t\t\t\t\t\t\t\tD\u00e9couverte de l\u2019ostr\u00e9iculture\t\t\t\t\t\t\t\t\t<\/span>\n\t\t\t\t\t\t\t\t\t\t\t\t\t\t\t\t<\/div>\n\t\t\t\t\t\t<\/li>\n\t\t\t\t\t\t\t\t\t\t\t<li class=\"elementor-repeater-item-5182a26\">\n\t\t\t\t\t\t\t<div class=\"elementor-price-table__feature-inner\">\n\t\t\t\t\t\t\t\t<i aria-hidden=\"true\" class=\"fas fa-store-alt\"><\/i>\t\t\t\t\t\t\t\t\t\t\t\t\t\t\t\t\t<span >\n\t\t\t\t\t\t\t\t\t\tVisite de la cabane\t\t\t\t\t\t\t\t\t<\/span>\n\t\t\t\t\t\t\t\t\t\t\t\t\t\t\t\t<\/div>\n\t\t\t\t\t\t<\/li>\n\t\t\t\t\t\t\t\t\t\t\t<li class=\"elementor-repeater-item-5e2308f\">\n\t\t\t\t\t\t\t<div class=\"elementor-price-table__feature-inner\">\n\t\t\t\t\t\t\t\t<i aria-hidden=\"true\" class=\"fas fa-wine-glass-alt\"><\/i>\t\t\t\t\t\t\t\t\t\t\t\t\t\t\t\t\t<span >\n\t\t\t\t\t\t\t\t\t\tD\u00e9gustation\t\t\t\t\t\t\t\t\t<\/span>\n\t\t\t\t\t\t\t\t\t\t\t\t\t\t\t\t<\/div>\n\t\t\t\t\t\t<\/li>\n\t\t\t\t\t\t\t\t\t<\/ul>\n\t\t\t\n\t\t\t\t\t\t\t<div class=\"elementor-price-table__footer\">\n\t\t\t\t\t\t\t\t\t\t\t<a class=\"elementor-price-table__button elementor-button elementor-size-md\" href=\"https:\/\/www.huitres-tortillon-latremblade.fr\/index.php\/commander\/\">\n\t\t\t\t\t\t\tNous contacter\t\t\t\t\t\t<\/a>\n\t\t\t\t\t\n\t\t\t\t\t\t\t\t\t\t\t<div class=\"elementor-price-table__additional_info\">\n\t\t\t\t\t\t\tUniquement sur r\u00e9servation au 05 46 36 37 06 et 06 13 78 37 42\t\t\t\t\t\t<\/div>\n\t\t\t\t\t\t\t\t\t<\/div>\n\t\t\t\t\t<\/div>\n\n\t\t\t\t\t<div class=\"elementor-ribbon elementor-ribbon-right\">\n\t\t\t\t<div class=\"elementor-ribbon-inner\">\n\t\t\t\t\toffre d\u00e9couverte\t\t\t\t<\/div>\n\t\t\t<\/div>\n\t\t\t\t\t\t\t<\/div>\n\t\t\t\t<\/div>\n\t\t\t\t\t<\/div>\n\t\t<\/div>\n\t\t\t\t\t<\/div>\n\t\t<\/section>\n\t\t\t\t<section class=\"elementor-section elementor-top-section elementor-element elementor-element-f04cf3c elementor-section-full_width elementor-section-height-default elementor-section-height-default\" data-id=\"f04cf3c\" data-element_type=\"section\" data-e-type=\"section\">\n\t\t\t\t\t\t<div class=\"elementor-container elementor-column-gap-no\">\n\t\t\t\t\t<div class=\"elementor-column elementor-col-100 elementor-top-column elementor-element elementor-element-1d21110\" data-id=\"1d21110\" data-element_type=\"column\" data-e-type=\"column\">\n\t\t\t<div class=\"elementor-widget-wrap elementor-element-populated\">\n\t\t\t\t\t\t<div class=\"elementor-element elementor-element-01807fa elementor-widget elementor-widget-image\" data-id=\"01807fa\" data-element_type=\"widget\" data-e-type=\"widget\" data-widget_type=\"image.default\">\n\t\t\t\t<div class=\"elementor-widget-container\">\n\t\t\t\t\t\t\t\t\t\t\t\t\t\t\t<img fetchpriority=\"high\" decoding=\"async\" width=\"1357\" height=\"763\" src=\"https:\/\/www.huitres-tortillon-latremblade.fr\/wp-content\/uploads\/2020\/07\/huitres-tortillon-la-tremblade-assiette-plancha-2.png\" class=\"attachment-full size-full wp-image-487\" alt=\"\" srcset=\"https:\/\/www.huitres-tortillon-latremblade.fr\/wp-content\/uploads\/2020\/07\/huitres-tortillon-la-tremblade-assiette-plancha-2.png 1357w, https:\/\/www.huitres-tortillon-latremblade.fr\/wp-content\/uploads\/2020\/07\/huitres-tortillon-la-tremblade-assiette-plancha-2-300x169.png 300w, https:\/\/www.huitres-tortillon-latremblade.fr\/wp-content\/uploads\/2020\/07\/huitres-tortillon-la-tremblade-assiette-plancha-2-1024x576.png 1024w, https:\/\/www.huitres-tortillon-latremblade.fr\/wp-content\/uploads\/2020\/07\/huitres-tortillon-la-tremblade-assiette-plancha-2-768x432.png 768w\" sizes=\"100vw\" \/>\t\t\t\t\t\t\t\t\t\t\t\t\t\t\t<\/div>\n\t\t\t\t<\/div>\n\t\t\t\t\t<\/div>\n\t\t<\/div>\n\t\t\t\t\t<\/div>\n\t\t<\/section>\n\t\t\t\t<\/div>\n\t\t","protected":false},"excerpt":{"rendered":"<p>Visite et d\u00e9gustation Partez \u00e0 la d\u00e9couverte du monde ostr\u00e9icole, suivez l\u2019histoire de cette aventure familiale dans les claires, laissez-les vous conter le m\u00e9tier, la vie de l&rsquo;hu\u00eetre, de la palourde et de la crevette imp\u00e9riale (gambas), visitez la cabane, impr\u00e9gnez-vous d&rsquo;un vocabulaire typique, d\u00e9couvrez le chaland, \u00e0 quoi sert le varveux, qu&rsquo;est-ce-que la maline &hellip; <\/p>\n<p class=\"link-more\"><a href=\"https:\/\/www.huitres-tortillon-latremblade.fr\/index.php\/visite-degustation\/\" class=\"more-link\">Continuer la lecture<span class=\"screen-reader-text\"> de &laquo;&nbsp;Visite &#038; D\u00e9gustation&nbsp;&raquo;<\/span><\/a><\/p>\n","protected":false},"author":1,"featured_media":0,"parent":0,"menu_order":2,"comment_status":"closed","ping_status":"closed","template":"elementor_header_footer","meta":{"footnotes":""},"class_list":["post-12","page","type-page","status-publish","hentry"],"yoast_head":"<!-- This site is optimized with the Yoast SEO plugin v27.3 - https:\/\/yoast.com\/product\/yoast-seo-wordpress\/ -->\n<title>Visite &amp; D\u00e9gustation - Hu\u00eetrerie Tortillon<\/title>\n<meta name=\"description\" content=\"Partez \u00e0 la d\u00e9couverte du monde ostr\u00e9icole, suivez l\u2019histoire de cette aventure familiale dans les claires, laissez-les vous conter le m\u00e9tier...\" \/>\n<meta name=\"robots\" content=\"index, follow, max-snippet:-1, max-image-preview:large, max-video-preview:-1\" \/>\n<link rel=\"canonical\" href=\"https:\/\/www.huitres-tortillon-latremblade.fr\/index.php\/visite-degustation\/\" \/>\n<meta property=\"og:locale\" content=\"fr_FR\" \/>\n<meta property=\"og:type\" content=\"article\" \/>\n<meta property=\"og:title\" content=\"Visite &amp; D\u00e9gustation - Hu\u00eetrerie Tortillon\" \/>\n<meta property=\"og:description\" content=\"Partez \u00e0 la d\u00e9couverte du monde ostr\u00e9icole, suivez l\u2019histoire de cette aventure familiale dans les claires, laissez-les vous conter le m\u00e9tier...\" \/>\n<meta property=\"og:url\" content=\"https:\/\/www.huitres-tortillon-latremblade.fr\/index.php\/visite-degustation\/\" \/>\n<meta property=\"og:site_name\" content=\"Hu\u00eetrerie Tortillon\" \/>\n<meta property=\"article:publisher\" content=\"https:\/\/www.facebook.com\/huitrestortillon\/\" \/>\n<meta property=\"article:modified_time\" content=\"2026-01-16T14:14:28+00:00\" \/>\n<meta property=\"og:image\" content=\"https:\/\/www.huitres-tortillon-latremblade.fr\/wp-content\/uploads\/2020\/07\/huitres-tortillon-la-tremblade-assiette-plancha-2.png\" \/>\n\t<meta property=\"og:image:width\" content=\"1357\" \/>\n\t<meta property=\"og:image:height\" content=\"763\" \/>\n\t<meta property=\"og:image:type\" content=\"image\/png\" \/>\n<meta name=\"twitter:card\" content=\"summary_large_image\" \/>\n<meta name=\"twitter:label1\" content=\"Dur\u00e9e de lecture estim\u00e9e\" \/>\n\t<meta name=\"twitter:data1\" content=\"1 minute\" \/>\n<script type=\"application\/ld+json\" class=\"yoast-schema-graph\">{\"@context\":\"https:\\\/\\\/schema.org\",\"@graph\":[{\"@type\":\"WebPage\",\"@id\":\"https:\\\/\\\/www.huitres-tortillon-latremblade.fr\\\/index.php\\\/visite-degustation\\\/\",\"url\":\"https:\\\/\\\/www.huitres-tortillon-latremblade.fr\\\/index.php\\\/visite-degustation\\\/\",\"name\":\"Visite & D\u00e9gustation - Hu\u00eetrerie Tortillon\",\"isPartOf\":{\"@id\":\"https:\\\/\\\/www.huitres-tortillon-latremblade.fr\\\/#website\"},\"primaryImageOfPage\":{\"@id\":\"https:\\\/\\\/www.huitres-tortillon-latremblade.fr\\\/index.php\\\/visite-degustation\\\/#primaryimage\"},\"image\":{\"@id\":\"https:\\\/\\\/www.huitres-tortillon-latremblade.fr\\\/index.php\\\/visite-degustation\\\/#primaryimage\"},\"thumbnailUrl\":\"https:\\\/\\\/www.huitres-tortillon-latremblade.fr\\\/wp-content\\\/uploads\\\/2020\\\/07\\\/huitres-tortillon-la-tremblade-assiette-plancha-2.png\",\"datePublished\":\"2020-02-05T22:15:26+00:00\",\"dateModified\":\"2026-01-16T14:14:28+00:00\",\"description\":\"Partez \u00e0 la d\u00e9couverte du monde ostr\u00e9icole, suivez l\u2019histoire de cette aventure familiale dans les claires, laissez-les vous conter le m\u00e9tier...\",\"breadcrumb\":{\"@id\":\"https:\\\/\\\/www.huitres-tortillon-latremblade.fr\\\/index.php\\\/visite-degustation\\\/#breadcrumb\"},\"inLanguage\":\"fr-FR\",\"potentialAction\":[{\"@type\":\"ReadAction\",\"target\":[\"https:\\\/\\\/www.huitres-tortillon-latremblade.fr\\\/index.php\\\/visite-degustation\\\/\"]}]},{\"@type\":\"ImageObject\",\"inLanguage\":\"fr-FR\",\"@id\":\"https:\\\/\\\/www.huitres-tortillon-latremblade.fr\\\/index.php\\\/visite-degustation\\\/#primaryimage\",\"url\":\"https:\\\/\\\/www.huitres-tortillon-latremblade.fr\\\/wp-content\\\/uploads\\\/2020\\\/07\\\/huitres-tortillon-la-tremblade-assiette-plancha-2.png\",\"contentUrl\":\"https:\\\/\\\/www.huitres-tortillon-latremblade.fr\\\/wp-content\\\/uploads\\\/2020\\\/07\\\/huitres-tortillon-la-tremblade-assiette-plancha-2.png\",\"width\":1357,\"height\":763},{\"@type\":\"BreadcrumbList\",\"@id\":\"https:\\\/\\\/www.huitres-tortillon-latremblade.fr\\\/index.php\\\/visite-degustation\\\/#breadcrumb\",\"itemListElement\":[{\"@type\":\"ListItem\",\"position\":1,\"name\":\"Accueil\",\"item\":\"https:\\\/\\\/www.huitres-tortillon-latremblade.fr\\\/\"},{\"@type\":\"ListItem\",\"position\":2,\"name\":\"Visite &#038; D\u00e9gustation\"}]},{\"@type\":\"WebSite\",\"@id\":\"https:\\\/\\\/www.huitres-tortillon-latremblade.fr\\\/#website\",\"url\":\"https:\\\/\\\/www.huitres-tortillon-latremblade.fr\\\/\",\"name\":\"Hu\u00eetrerie Tortillon\",\"description\":\"Producteurs d&#039;hu\u00eetres, de palourdes et de crevettes imp\u00e9riales (Gambas)\",\"potentialAction\":[{\"@type\":\"SearchAction\",\"target\":{\"@type\":\"EntryPoint\",\"urlTemplate\":\"https:\\\/\\\/www.huitres-tortillon-latremblade.fr\\\/?s={search_term_string}\"},\"query-input\":{\"@type\":\"PropertyValueSpecification\",\"valueRequired\":true,\"valueName\":\"search_term_string\"}}],\"inLanguage\":\"fr-FR\"}]}<\/script>\n<!-- \/ Yoast SEO plugin. -->","yoast_head_json":{"title":"Visite & D\u00e9gustation - Hu\u00eetrerie Tortillon","description":"Partez \u00e0 la d\u00e9couverte du monde ostr\u00e9icole, suivez l\u2019histoire de cette aventure familiale dans les claires, laissez-les vous conter le m\u00e9tier...","robots":{"index":"index","follow":"follow","max-snippet":"max-snippet:-1","max-image-preview":"max-image-preview:large","max-video-preview":"max-video-preview:-1"},"canonical":"https:\/\/www.huitres-tortillon-latremblade.fr\/index.php\/visite-degustation\/","og_locale":"fr_FR","og_type":"article","og_title":"Visite & D\u00e9gustation - Hu\u00eetrerie Tortillon","og_description":"Partez \u00e0 la d\u00e9couverte du monde ostr\u00e9icole, suivez l\u2019histoire de cette aventure familiale dans les claires, laissez-les vous conter le m\u00e9tier...","og_url":"https:\/\/www.huitres-tortillon-latremblade.fr\/index.php\/visite-degustation\/","og_site_name":"Hu\u00eetrerie Tortillon","article_publisher":"https:\/\/www.facebook.com\/huitrestortillon\/","article_modified_time":"2026-01-16T14:14:28+00:00","og_image":[{"width":1357,"height":763,"url":"https:\/\/www.huitres-tortillon-latremblade.fr\/wp-content\/uploads\/2020\/07\/huitres-tortillon-la-tremblade-assiette-plancha-2.png","type":"image\/png"}],"twitter_card":"summary_large_image","twitter_misc":{"Dur\u00e9e de lecture estim\u00e9e":"1 minute"},"schema":{"@context":"https:\/\/schema.org","@graph":[{"@type":"WebPage","@id":"https:\/\/www.huitres-tortillon-latremblade.fr\/index.php\/visite-degustation\/","url":"https:\/\/www.huitres-tortillon-latremblade.fr\/index.php\/visite-degustation\/","name":"Visite & D\u00e9gustation - Hu\u00eetrerie Tortillon","isPartOf":{"@id":"https:\/\/www.huitres-tortillon-latremblade.fr\/#website"},"primaryImageOfPage":{"@id":"https:\/\/www.huitres-tortillon-latremblade.fr\/index.php\/visite-degustation\/#primaryimage"},"image":{"@id":"https:\/\/www.huitres-tortillon-latremblade.fr\/index.php\/visite-degustation\/#primaryimage"},"thumbnailUrl":"https:\/\/www.huitres-tortillon-latremblade.fr\/wp-content\/uploads\/2020\/07\/huitres-tortillon-la-tremblade-assiette-plancha-2.png","datePublished":"2020-02-05T22:15:26+00:00","dateModified":"2026-01-16T14:14:28+00:00","description":"Partez \u00e0 la d\u00e9couverte du monde ostr\u00e9icole, suivez l\u2019histoire de cette aventure familiale dans les claires, laissez-les vous conter le m\u00e9tier...","breadcrumb":{"@id":"https:\/\/www.huitres-tortillon-latremblade.fr\/index.php\/visite-degustation\/#breadcrumb"},"inLanguage":"fr-FR","potentialAction":[{"@type":"ReadAction","target":["https:\/\/www.huitres-tortillon-latremblade.fr\/index.php\/visite-degustation\/"]}]},{"@type":"ImageObject","inLanguage":"fr-FR","@id":"https:\/\/www.huitres-tortillon-latremblade.fr\/index.php\/visite-degustation\/#primaryimage","url":"https:\/\/www.huitres-tortillon-latremblade.fr\/wp-content\/uploads\/2020\/07\/huitres-tortillon-la-tremblade-assiette-plancha-2.png","contentUrl":"https:\/\/www.huitres-tortillon-latremblade.fr\/wp-content\/uploads\/2020\/07\/huitres-tortillon-la-tremblade-assiette-plancha-2.png","width":1357,"height":763},{"@type":"BreadcrumbList","@id":"https:\/\/www.huitres-tortillon-latremblade.fr\/index.php\/visite-degustation\/#breadcrumb","itemListElement":[{"@type":"ListItem","position":1,"name":"Accueil","item":"https:\/\/www.huitres-tortillon-latremblade.fr\/"},{"@type":"ListItem","position":2,"name":"Visite &#038; D\u00e9gustation"}]},{"@type":"WebSite","@id":"https:\/\/www.huitres-tortillon-latremblade.fr\/#website","url":"https:\/\/www.huitres-tortillon-latremblade.fr\/","name":"Hu\u00eetrerie Tortillon","description":"Producteurs d&#039;hu\u00eetres, de palourdes et de crevettes imp\u00e9riales (Gambas)","potentialAction":[{"@type":"SearchAction","target":{"@type":"EntryPoint","urlTemplate":"https:\/\/www.huitres-tortillon-latremblade.fr\/?s={search_term_string}"},"query-input":{"@type":"PropertyValueSpecification","valueRequired":true,"valueName":"search_term_string"}}],"inLanguage":"fr-FR"}]}},"_links":{"self":[{"href":"https:\/\/www.huitres-tortillon-latremblade.fr\/index.php\/wp-json\/wp\/v2\/pages\/12","targetHints":{"allow":["GET"]}}],"collection":[{"href":"https:\/\/www.huitres-tortillon-latremblade.fr\/index.php\/wp-json\/wp\/v2\/pages"}],"about":[{"href":"https:\/\/www.huitres-tortillon-latremblade.fr\/index.php\/wp-json\/wp\/v2\/types\/page"}],"author":[{"embeddable":true,"href":"https:\/\/www.huitres-tortillon-latremblade.fr\/index.php\/wp-json\/wp\/v2\/users\/1"}],"replies":[{"embeddable":true,"href":"https:\/\/www.huitres-tortillon-latremblade.fr\/index.php\/wp-json\/wp\/v2\/comments?post=12"}],"version-history":[{"count":23,"href":"https:\/\/www.huitres-tortillon-latremblade.fr\/index.php\/wp-json\/wp\/v2\/pages\/12\/revisions"}],"predecessor-version":[{"id":639,"href":"https:\/\/www.huitres-tortillon-latremblade.fr\/index.php\/wp-json\/wp\/v2\/pages\/12\/revisions\/639"}],"wp:attachment":[{"href":"https:\/\/www.huitres-tortillon-latremblade.fr\/index.php\/wp-json\/wp\/v2\/media?parent=12"}],"curies":[{"name":"wp","href":"https:\/\/api.w.org\/{rel}","templated":true}]}}