{"id":16,"date":"2020-02-05T22:16:27","date_gmt":"2020-02-05T22:16:27","guid":{"rendered":"https:\/\/www.dev6-artgrafik.com\/?page_id=16"},"modified":"2025-02-13T09:36:06","modified_gmt":"2025-02-13T09:36:06","slug":"les-palourdes","status":"publish","type":"page","link":"https:\/\/www.huitres-tortillon-latremblade.fr\/index.php\/les-palourdes\/","title":{"rendered":"Les Palourdes"},"content":{"rendered":"\t\t<div data-elementor-type=\"wp-page\" data-elementor-id=\"16\" class=\"elementor elementor-16\" data-elementor-post-type=\"page\">\n\t\t\t\t\t\t<section class=\"elementor-section elementor-top-section elementor-element elementor-element-1ccc47d elementor-section-boxed elementor-section-height-default elementor-section-height-default\" data-id=\"1ccc47d\" data-element_type=\"section\" data-e-type=\"section\">\n\t\t\t\t\t\t<div class=\"elementor-container elementor-column-gap-no\">\n\t\t\t\t\t<div class=\"elementor-column elementor-col-100 elementor-top-column elementor-element elementor-element-16d44db\" data-id=\"16d44db\" data-element_type=\"column\" data-e-type=\"column\">\n\t\t\t<div class=\"elementor-widget-wrap elementor-element-populated\">\n\t\t\t\t\t\t<div class=\"elementor-element elementor-element-b71ba57 elementor-widget elementor-widget-heading\" data-id=\"b71ba57\" data-element_type=\"widget\" data-e-type=\"widget\" data-widget_type=\"heading.default\">\n\t\t\t\t<div class=\"elementor-widget-container\">\n\t\t\t\t\t<h1 class=\"elementor-heading-title elementor-size-default\">Les palourdes<\/h1>\t\t\t\t<\/div>\n\t\t\t\t<\/div>\n\t\t\t\t\t<\/div>\n\t\t<\/div>\n\t\t\t\t\t<\/div>\n\t\t<\/section>\n\t\t\t\t<section class=\"elementor-section elementor-top-section elementor-element elementor-element-720188e elementor-section-boxed elementor-section-height-default elementor-section-height-default\" data-id=\"720188e\" data-element_type=\"section\" data-e-type=\"section\" data-settings=\"{&quot;background_background&quot;:&quot;classic&quot;}\">\n\t\t\t\t\t\t<div class=\"elementor-container elementor-column-gap-default\">\n\t\t\t\t\t<div class=\"elementor-column elementor-col-33 elementor-top-column elementor-element elementor-element-c816217\" data-id=\"c816217\" data-element_type=\"column\" data-e-type=\"column\">\n\t\t\t<div class=\"elementor-widget-wrap elementor-element-populated\">\n\t\t\t\t\t\t<div class=\"elementor-element elementor-element-e5875ab elementor-widget elementor-widget-image\" data-id=\"e5875ab\" data-element_type=\"widget\" data-e-type=\"widget\" data-widget_type=\"image.default\">\n\t\t\t\t<div class=\"elementor-widget-container\">\n\t\t\t\t\t\t\t\t\t\t\t\t\t\t\t<img fetchpriority=\"high\" decoding=\"async\" width=\"1000\" height=\"801\" src=\"https:\/\/www.huitres-tortillon-latremblade.fr\/wp-content\/uploads\/2020\/02\/tortillon-palourde.png\" class=\"attachment-full size-full wp-image-249\" alt=\"tortillon-palourde\" srcset=\"https:\/\/www.huitres-tortillon-latremblade.fr\/wp-content\/uploads\/2020\/02\/tortillon-palourde.png 1000w, https:\/\/www.huitres-tortillon-latremblade.fr\/wp-content\/uploads\/2020\/02\/tortillon-palourde-300x240.png 300w, https:\/\/www.huitres-tortillon-latremblade.fr\/wp-content\/uploads\/2020\/02\/tortillon-palourde-768x615.png 768w\" sizes=\"100vw\" \/>\t\t\t\t\t\t\t\t\t\t\t\t\t\t\t<\/div>\n\t\t\t\t<\/div>\n\t\t\t\t\t<\/div>\n\t\t<\/div>\n\t\t\t\t<div class=\"elementor-column elementor-col-66 elementor-top-column elementor-element elementor-element-8df8bd4\" data-id=\"8df8bd4\" data-element_type=\"column\" data-e-type=\"column\">\n\t\t\t<div class=\"elementor-widget-wrap elementor-element-populated\">\n\t\t\t\t\t\t<div class=\"elementor-element elementor-element-dc9494f elementor-widget elementor-widget-google_maps\" data-id=\"dc9494f\" data-element_type=\"widget\" data-e-type=\"widget\" data-widget_type=\"google_maps.default\">\n\t\t\t\t<div class=\"elementor-widget-container\">\n\t\t\t\t\t\t\t<div class=\"elementor-custom-embed\">\n\t\t\t<iframe loading=\"lazy\"\n\t\t\t\t\tsrc=\"https:\/\/maps.google.com\/maps?q=Saint%20Just%20Luzac&#038;t=m&#038;z=11&#038;output=embed&#038;iwloc=near\"\n\t\t\t\t\ttitle=\"Saint Just Luzac\"\n\t\t\t\t\taria-label=\"Saint Just Luzac\"\n\t\t\t><\/iframe>\n\t\t<\/div>\n\t\t\t\t\t\t<\/div>\n\t\t\t\t<\/div>\n\t\t\t\t<div class=\"elementor-element elementor-element-98e99c0 elementor-widget elementor-widget-text-editor\" data-id=\"98e99c0\" data-element_type=\"widget\" data-e-type=\"widget\" data-widget_type=\"text-editor.default\">\n\t\t\t\t<div class=\"elementor-widget-container\">\n\t\t\t\t\t\t\t\t\t<p><span style=\"font-weight: 400;\">Les naissains de palourdes proviennent de l\u2019\u00e9closerie de Saint Just Luzac, 15 km \u00e0 l\u2019est de La Tremblade. Mises en poches au fond des claires fin juin, d\u00e9but juillet, elles commencent leur croissance. Au bout de six mois, elles sont tri\u00e9es en fonction de leur poids et sem\u00e9es sur des filets, \u00e0 raison de 20 palourdes par m2, pour continuer leur d\u00e9veloppement.\u00a0<\/span><\/p>\t\t\t\t\t\t\t\t<\/div>\n\t\t\t\t<\/div>\n\t\t\t\t\t<\/div>\n\t\t<\/div>\n\t\t\t\t\t<\/div>\n\t\t<\/section>\n\t\t\t\t<section class=\"elementor-section elementor-top-section elementor-element elementor-element-fee1faf elementor-section-boxed elementor-section-height-default elementor-section-height-default\" data-id=\"fee1faf\" data-element_type=\"section\" data-e-type=\"section\">\n\t\t\t\t\t\t<div class=\"elementor-container elementor-column-gap-default\">\n\t\t\t\t\t<div class=\"elementor-column elementor-col-100 elementor-top-column elementor-element elementor-element-0bf8566\" data-id=\"0bf8566\" data-element_type=\"column\" data-e-type=\"column\">\n\t\t\t<div class=\"elementor-widget-wrap elementor-element-populated\">\n\t\t\t\t\t\t<div class=\"elementor-element elementor-element-87ad3c6 elementor-widget elementor-widget-gallery\" data-id=\"87ad3c6\" data-element_type=\"widget\" data-e-type=\"widget\" data-settings=\"{&quot;columns&quot;:3,&quot;lazyload&quot;:&quot;yes&quot;,&quot;gallery_layout&quot;:&quot;grid&quot;,&quot;columns_tablet&quot;:2,&quot;columns_mobile&quot;:1,&quot;gap&quot;:{&quot;unit&quot;:&quot;px&quot;,&quot;size&quot;:10,&quot;sizes&quot;:[]},&quot;gap_tablet&quot;:{&quot;unit&quot;:&quot;px&quot;,&quot;size&quot;:10,&quot;sizes&quot;:[]},&quot;gap_mobile&quot;:{&quot;unit&quot;:&quot;px&quot;,&quot;size&quot;:10,&quot;sizes&quot;:[]},&quot;link_to&quot;:&quot;file&quot;,&quot;aspect_ratio&quot;:&quot;3:2&quot;,&quot;overlay_background&quot;:&quot;yes&quot;,&quot;content_hover_animation&quot;:&quot;fade-in&quot;}\" data-widget_type=\"gallery.default\">\n\t\t\t\t<div class=\"elementor-widget-container\">\n\t\t\t\t\t\t\t<div class=\"elementor-gallery__container\">\n\t\t\t\t\t\t\t<a class=\"e-gallery-item elementor-gallery-item elementor-animated-content\" href=\"https:\/\/www.huitres-tortillon-latremblade.fr\/wp-content\/uploads\/2025\/02\/Tortillon23.jpg\" data-elementor-open-lightbox=\"yes\" data-elementor-lightbox-slideshow=\"87ad3c6\" data-elementor-lightbox-title=\"Tortillon2(3)\" data-e-action-hash=\"#elementor-action%3Aaction%3Dlightbox%26settings%3DeyJpZCI6NjA2LCJ1cmwiOiJodHRwczpcL1wvd3d3Lmh1aXRyZXMtdG9ydGlsbG9uLWxhdHJlbWJsYWRlLmZyXC93cC1jb250ZW50XC91cGxvYWRzXC8yMDI1XC8wMlwvVG9ydGlsbG9uMjMuanBnIiwic2xpZGVzaG93IjoiODdhZDNjNiJ9\">\n\t\t\t\t\t<div class=\"e-gallery-image elementor-gallery-item__image\" data-thumbnail=\"https:\/\/www.huitres-tortillon-latremblade.fr\/wp-content\/uploads\/2025\/02\/Tortillon23.jpg\" data-width=\"480\" data-height=\"320\" aria-label=\"\" role=\"img\" ><\/div>\n\t\t\t\t\t\t\t\t\t\t\t<div class=\"elementor-gallery-item__overlay\"><\/div>\n\t\t\t\t\t\t\t\t\t\t\t\t\t\t<\/a>\n\t\t\t\t\t\t\t<a class=\"e-gallery-item elementor-gallery-item elementor-animated-content\" href=\"https:\/\/www.huitres-tortillon-latremblade.fr\/wp-content\/uploads\/2025\/02\/Tortillon1.jpg\" data-elementor-open-lightbox=\"yes\" data-elementor-lightbox-slideshow=\"87ad3c6\" data-elementor-lightbox-title=\"Tortillon1\" data-e-action-hash=\"#elementor-action%3Aaction%3Dlightbox%26settings%3DeyJpZCI6NjA1LCJ1cmwiOiJodHRwczpcL1wvd3d3Lmh1aXRyZXMtdG9ydGlsbG9uLWxhdHJlbWJsYWRlLmZyXC93cC1jb250ZW50XC91cGxvYWRzXC8yMDI1XC8wMlwvVG9ydGlsbG9uMS5qcGciLCJzbGlkZXNob3ciOiI4N2FkM2M2In0%3D\">\n\t\t\t\t\t<div class=\"e-gallery-image elementor-gallery-item__image\" data-thumbnail=\"https:\/\/www.huitres-tortillon-latremblade.fr\/wp-content\/uploads\/2025\/02\/Tortillon1.jpg\" data-width=\"320\" data-height=\"213\" aria-label=\"\" role=\"img\" ><\/div>\n\t\t\t\t\t\t\t\t\t\t\t<div class=\"elementor-gallery-item__overlay\"><\/div>\n\t\t\t\t\t\t\t\t\t\t\t\t\t\t<\/a>\n\t\t\t\t\t\t\t<a class=\"e-gallery-item elementor-gallery-item elementor-animated-content\" href=\"https:\/\/www.huitres-tortillon-latremblade.fr\/wp-content\/uploads\/2025\/02\/PART_1585078518099.jpg\" data-elementor-open-lightbox=\"yes\" data-elementor-lightbox-slideshow=\"87ad3c6\" data-elementor-lightbox-title=\"PART_1585078518099\" data-e-action-hash=\"#elementor-action%3Aaction%3Dlightbox%26settings%3DeyJpZCI6NjA0LCJ1cmwiOiJodHRwczpcL1wvd3d3Lmh1aXRyZXMtdG9ydGlsbG9uLWxhdHJlbWJsYWRlLmZyXC93cC1jb250ZW50XC91cGxvYWRzXC8yMDI1XC8wMlwvUEFSVF8xNTg1MDc4NTE4MDk5LmpwZyIsInNsaWRlc2hvdyI6Ijg3YWQzYzYifQ%3D%3D\">\n\t\t\t\t\t<div class=\"e-gallery-image elementor-gallery-item__image\" data-thumbnail=\"https:\/\/www.huitres-tortillon-latremblade.fr\/wp-content\/uploads\/2025\/02\/PART_1585078518099.jpg\" data-width=\"956\" data-height=\"715\" aria-label=\"\" role=\"img\" ><\/div>\n\t\t\t\t\t\t\t\t\t\t\t<div class=\"elementor-gallery-item__overlay\"><\/div>\n\t\t\t\t\t\t\t\t\t\t\t\t\t\t<\/a>\n\t\t\t\t\t<\/div>\n\t\t\t\t\t<\/div>\n\t\t\t\t<\/div>\n\t\t\t\t\t<\/div>\n\t\t<\/div>\n\t\t\t\t\t<\/div>\n\t\t<\/section>\n\t\t\t\t<section class=\"elementor-section elementor-top-section elementor-element elementor-element-dbd176b elementor-section-boxed elementor-section-height-default elementor-section-height-default\" data-id=\"dbd176b\" data-element_type=\"section\" data-e-type=\"section\" data-settings=\"{&quot;background_background&quot;:&quot;classic&quot;}\">\n\t\t\t\t\t\t<div class=\"elementor-container elementor-column-gap-default\">\n\t\t\t\t\t<div class=\"elementor-column elementor-col-100 elementor-top-column elementor-element elementor-element-af43476\" data-id=\"af43476\" data-element_type=\"column\" data-e-type=\"column\">\n\t\t\t<div class=\"elementor-widget-wrap elementor-element-populated\">\n\t\t\t\t\t\t<div class=\"elementor-element elementor-element-f854e60 elementor-widget elementor-widget-text-editor\" data-id=\"f854e60\" data-element_type=\"widget\" data-e-type=\"widget\" data-widget_type=\"text-editor.default\">\n\t\t\t\t<div class=\"elementor-widget-container\">\n\t\t\t\t\t\t\t\t\t<p><span style=\"font-weight: 400;\">A partir d\u2019avril \u2013 mai, les palourdes sont consommables. Nous \u00ab l\u00e8vons \u00bb les filets afin de les r\u00e9colter en fonction de la demande.<\/span><\/p>\t\t\t\t\t\t\t\t<\/div>\n\t\t\t\t<\/div>\n\t\t\t\t\t<\/div>\n\t\t<\/div>\n\t\t\t\t\t<\/div>\n\t\t<\/section>\n\t\t\t\t<\/div>\n\t\t","protected":false},"excerpt":{"rendered":"<p>Les palourdes Les naissains de palourdes proviennent de l\u2019\u00e9closerie de Saint Just Luzac, 15 km \u00e0 l\u2019est de La Tremblade. Mises en poches au fond des claires fin juin, d\u00e9but juillet, elles commencent leur croissance. Au bout de six mois, elles sont tri\u00e9es en fonction de leur poids et sem\u00e9es sur des filets, \u00e0 raison &hellip; <\/p>\n<p class=\"link-more\"><a href=\"https:\/\/www.huitres-tortillon-latremblade.fr\/index.php\/les-palourdes\/\" class=\"more-link\">Continuer la lecture<span class=\"screen-reader-text\"> de &laquo;&nbsp;Les Palourdes&nbsp;&raquo;<\/span><\/a><\/p>\n","protected":false},"author":1,"featured_media":0,"parent":0,"menu_order":4,"comment_status":"closed","ping_status":"closed","template":"elementor_header_footer","meta":{"footnotes":""},"class_list":["post-16","page","type-page","status-publish","hentry"],"yoast_head":"<!-- This site is optimized with the Yoast SEO plugin v27.4 - https:\/\/yoast.com\/product\/yoast-seo-wordpress\/ -->\n<title>Les Palourdes - Hu\u00eetrerie Tortillon<\/title>\n<meta name=\"description\" content=\"Les naissains de palourdes proviennent de l\u2019\u00e9closerie de Saint Just Luzac, 15 km \u00e0 l\u2019est de La Tremblade. Mises en poches au fond des claires fin juin,...\" \/>\n<meta name=\"robots\" content=\"index, follow, max-snippet:-1, max-image-preview:large, max-video-preview:-1\" \/>\n<link rel=\"canonical\" href=\"https:\/\/www.huitres-tortillon-latremblade.fr\/index.php\/les-palourdes\/\" \/>\n<meta property=\"og:locale\" content=\"fr_FR\" \/>\n<meta property=\"og:type\" content=\"article\" \/>\n<meta property=\"og:title\" content=\"Les Palourdes - Hu\u00eetrerie Tortillon\" \/>\n<meta property=\"og:description\" content=\"Les naissains de palourdes proviennent de l\u2019\u00e9closerie de Saint Just Luzac, 15 km \u00e0 l\u2019est de La Tremblade. Mises en poches au fond des claires fin juin,...\" \/>\n<meta property=\"og:url\" content=\"https:\/\/www.huitres-tortillon-latremblade.fr\/index.php\/les-palourdes\/\" \/>\n<meta property=\"og:site_name\" content=\"Hu\u00eetrerie Tortillon\" \/>\n<meta property=\"article:publisher\" content=\"https:\/\/www.facebook.com\/huitrestortillon\/\" \/>\n<meta property=\"article:modified_time\" content=\"2025-02-13T09:36:06+00:00\" \/>\n<meta property=\"og:image\" content=\"https:\/\/www.huitres-tortillon-latremblade.fr\/wp-content\/uploads\/2020\/02\/tortillon-palourde.png\" \/>\n\t<meta property=\"og:image:width\" content=\"1000\" \/>\n\t<meta property=\"og:image:height\" content=\"801\" \/>\n\t<meta property=\"og:image:type\" content=\"image\/png\" \/>\n<meta name=\"twitter:card\" content=\"summary_large_image\" \/>\n<meta name=\"twitter:label1\" content=\"Dur\u00e9e de lecture estim\u00e9e\" \/>\n\t<meta name=\"twitter:data1\" content=\"1 minute\" \/>\n<script type=\"application\/ld+json\" class=\"yoast-schema-graph\">{\"@context\":\"https:\\\/\\\/schema.org\",\"@graph\":[{\"@type\":\"WebPage\",\"@id\":\"https:\\\/\\\/www.huitres-tortillon-latremblade.fr\\\/index.php\\\/les-palourdes\\\/\",\"url\":\"https:\\\/\\\/www.huitres-tortillon-latremblade.fr\\\/index.php\\\/les-palourdes\\\/\",\"name\":\"Les Palourdes - Hu\u00eetrerie Tortillon\",\"isPartOf\":{\"@id\":\"https:\\\/\\\/www.huitres-tortillon-latremblade.fr\\\/#website\"},\"primaryImageOfPage\":{\"@id\":\"https:\\\/\\\/www.huitres-tortillon-latremblade.fr\\\/index.php\\\/les-palourdes\\\/#primaryimage\"},\"image\":{\"@id\":\"https:\\\/\\\/www.huitres-tortillon-latremblade.fr\\\/index.php\\\/les-palourdes\\\/#primaryimage\"},\"thumbnailUrl\":\"https:\\\/\\\/www.huitres-tortillon-latremblade.fr\\\/wp-content\\\/uploads\\\/2020\\\/02\\\/tortillon-palourde.png\",\"datePublished\":\"2020-02-05T22:16:27+00:00\",\"dateModified\":\"2025-02-13T09:36:06+00:00\",\"description\":\"Les naissains de palourdes proviennent de l\u2019\u00e9closerie de Saint Just Luzac, 15 km \u00e0 l\u2019est de La Tremblade. Mises en poches au fond des claires fin juin,...\",\"breadcrumb\":{\"@id\":\"https:\\\/\\\/www.huitres-tortillon-latremblade.fr\\\/index.php\\\/les-palourdes\\\/#breadcrumb\"},\"inLanguage\":\"fr-FR\",\"potentialAction\":[{\"@type\":\"ReadAction\",\"target\":[\"https:\\\/\\\/www.huitres-tortillon-latremblade.fr\\\/index.php\\\/les-palourdes\\\/\"]}]},{\"@type\":\"ImageObject\",\"inLanguage\":\"fr-FR\",\"@id\":\"https:\\\/\\\/www.huitres-tortillon-latremblade.fr\\\/index.php\\\/les-palourdes\\\/#primaryimage\",\"url\":\"https:\\\/\\\/www.huitres-tortillon-latremblade.fr\\\/wp-content\\\/uploads\\\/2020\\\/02\\\/tortillon-palourde.png\",\"contentUrl\":\"https:\\\/\\\/www.huitres-tortillon-latremblade.fr\\\/wp-content\\\/uploads\\\/2020\\\/02\\\/tortillon-palourde.png\",\"width\":1000,\"height\":801,\"caption\":\"tortillon-palourde\"},{\"@type\":\"BreadcrumbList\",\"@id\":\"https:\\\/\\\/www.huitres-tortillon-latremblade.fr\\\/index.php\\\/les-palourdes\\\/#breadcrumb\",\"itemListElement\":[{\"@type\":\"ListItem\",\"position\":1,\"name\":\"Accueil\",\"item\":\"https:\\\/\\\/www.huitres-tortillon-latremblade.fr\\\/\"},{\"@type\":\"ListItem\",\"position\":2,\"name\":\"Les Palourdes\"}]},{\"@type\":\"WebSite\",\"@id\":\"https:\\\/\\\/www.huitres-tortillon-latremblade.fr\\\/#website\",\"url\":\"https:\\\/\\\/www.huitres-tortillon-latremblade.fr\\\/\",\"name\":\"Hu\u00eetrerie Tortillon\",\"description\":\"Producteurs d&#039;hu\u00eetres, de palourdes et de crevettes imp\u00e9riales (Gambas)\",\"potentialAction\":[{\"@type\":\"SearchAction\",\"target\":{\"@type\":\"EntryPoint\",\"urlTemplate\":\"https:\\\/\\\/www.huitres-tortillon-latremblade.fr\\\/?s={search_term_string}\"},\"query-input\":{\"@type\":\"PropertyValueSpecification\",\"valueRequired\":true,\"valueName\":\"search_term_string\"}}],\"inLanguage\":\"fr-FR\"}]}<\/script>\n<!-- \/ Yoast SEO plugin. -->","yoast_head_json":{"title":"Les Palourdes - Hu\u00eetrerie Tortillon","description":"Les naissains de palourdes proviennent de l\u2019\u00e9closerie de Saint Just Luzac, 15 km \u00e0 l\u2019est de La Tremblade. Mises en poches au fond des claires fin juin,...","robots":{"index":"index","follow":"follow","max-snippet":"max-snippet:-1","max-image-preview":"max-image-preview:large","max-video-preview":"max-video-preview:-1"},"canonical":"https:\/\/www.huitres-tortillon-latremblade.fr\/index.php\/les-palourdes\/","og_locale":"fr_FR","og_type":"article","og_title":"Les Palourdes - Hu\u00eetrerie Tortillon","og_description":"Les naissains de palourdes proviennent de l\u2019\u00e9closerie de Saint Just Luzac, 15 km \u00e0 l\u2019est de La Tremblade. Mises en poches au fond des claires fin juin,...","og_url":"https:\/\/www.huitres-tortillon-latremblade.fr\/index.php\/les-palourdes\/","og_site_name":"Hu\u00eetrerie Tortillon","article_publisher":"https:\/\/www.facebook.com\/huitrestortillon\/","article_modified_time":"2025-02-13T09:36:06+00:00","og_image":[{"width":1000,"height":801,"url":"https:\/\/www.huitres-tortillon-latremblade.fr\/wp-content\/uploads\/2020\/02\/tortillon-palourde.png","type":"image\/png"}],"twitter_card":"summary_large_image","twitter_misc":{"Dur\u00e9e de lecture estim\u00e9e":"1 minute"},"schema":{"@context":"https:\/\/schema.org","@graph":[{"@type":"WebPage","@id":"https:\/\/www.huitres-tortillon-latremblade.fr\/index.php\/les-palourdes\/","url":"https:\/\/www.huitres-tortillon-latremblade.fr\/index.php\/les-palourdes\/","name":"Les Palourdes - Hu\u00eetrerie Tortillon","isPartOf":{"@id":"https:\/\/www.huitres-tortillon-latremblade.fr\/#website"},"primaryImageOfPage":{"@id":"https:\/\/www.huitres-tortillon-latremblade.fr\/index.php\/les-palourdes\/#primaryimage"},"image":{"@id":"https:\/\/www.huitres-tortillon-latremblade.fr\/index.php\/les-palourdes\/#primaryimage"},"thumbnailUrl":"https:\/\/www.huitres-tortillon-latremblade.fr\/wp-content\/uploads\/2020\/02\/tortillon-palourde.png","datePublished":"2020-02-05T22:16:27+00:00","dateModified":"2025-02-13T09:36:06+00:00","description":"Les naissains de palourdes proviennent de l\u2019\u00e9closerie de Saint Just Luzac, 15 km \u00e0 l\u2019est de La Tremblade. Mises en poches au fond des claires fin juin,...","breadcrumb":{"@id":"https:\/\/www.huitres-tortillon-latremblade.fr\/index.php\/les-palourdes\/#breadcrumb"},"inLanguage":"fr-FR","potentialAction":[{"@type":"ReadAction","target":["https:\/\/www.huitres-tortillon-latremblade.fr\/index.php\/les-palourdes\/"]}]},{"@type":"ImageObject","inLanguage":"fr-FR","@id":"https:\/\/www.huitres-tortillon-latremblade.fr\/index.php\/les-palourdes\/#primaryimage","url":"https:\/\/www.huitres-tortillon-latremblade.fr\/wp-content\/uploads\/2020\/02\/tortillon-palourde.png","contentUrl":"https:\/\/www.huitres-tortillon-latremblade.fr\/wp-content\/uploads\/2020\/02\/tortillon-palourde.png","width":1000,"height":801,"caption":"tortillon-palourde"},{"@type":"BreadcrumbList","@id":"https:\/\/www.huitres-tortillon-latremblade.fr\/index.php\/les-palourdes\/#breadcrumb","itemListElement":[{"@type":"ListItem","position":1,"name":"Accueil","item":"https:\/\/www.huitres-tortillon-latremblade.fr\/"},{"@type":"ListItem","position":2,"name":"Les Palourdes"}]},{"@type":"WebSite","@id":"https:\/\/www.huitres-tortillon-latremblade.fr\/#website","url":"https:\/\/www.huitres-tortillon-latremblade.fr\/","name":"Hu\u00eetrerie Tortillon","description":"Producteurs d&#039;hu\u00eetres, de palourdes et de crevettes imp\u00e9riales (Gambas)","potentialAction":[{"@type":"SearchAction","target":{"@type":"EntryPoint","urlTemplate":"https:\/\/www.huitres-tortillon-latremblade.fr\/?s={search_term_string}"},"query-input":{"@type":"PropertyValueSpecification","valueRequired":true,"valueName":"search_term_string"}}],"inLanguage":"fr-FR"}]}},"_links":{"self":[{"href":"https:\/\/www.huitres-tortillon-latremblade.fr\/index.php\/wp-json\/wp\/v2\/pages\/16","targetHints":{"allow":["GET"]}}],"collection":[{"href":"https:\/\/www.huitres-tortillon-latremblade.fr\/index.php\/wp-json\/wp\/v2\/pages"}],"about":[{"href":"https:\/\/www.huitres-tortillon-latremblade.fr\/index.php\/wp-json\/wp\/v2\/types\/page"}],"author":[{"embeddable":true,"href":"https:\/\/www.huitres-tortillon-latremblade.fr\/index.php\/wp-json\/wp\/v2\/users\/1"}],"replies":[{"embeddable":true,"href":"https:\/\/www.huitres-tortillon-latremblade.fr\/index.php\/wp-json\/wp\/v2\/comments?post=16"}],"version-history":[{"count":12,"href":"https:\/\/www.huitres-tortillon-latremblade.fr\/index.php\/wp-json\/wp\/v2\/pages\/16\/revisions"}],"predecessor-version":[{"id":621,"href":"https:\/\/www.huitres-tortillon-latremblade.fr\/index.php\/wp-json\/wp\/v2\/pages\/16\/revisions\/621"}],"wp:attachment":[{"href":"https:\/\/www.huitres-tortillon-latremblade.fr\/index.php\/wp-json\/wp\/v2\/media?parent=16"}],"curies":[{"name":"wp","href":"https:\/\/api.w.org\/{rel}","templated":true}]}}