{"id":22,"date":"2020-02-05T22:18:17","date_gmt":"2020-02-05T22:18:17","guid":{"rendered":"https:\/\/www.dev6-artgrafik.com\/?page_id=22"},"modified":"2025-02-13T09:38:39","modified_gmt":"2025-02-13T09:38:39","slug":"vente-en-direct","status":"publish","type":"page","link":"https:\/\/www.huitres-tortillon-latremblade.fr\/index.php\/vente-en-direct\/","title":{"rendered":"Vente en direct"},"content":{"rendered":"\t\t<div data-elementor-type=\"wp-page\" data-elementor-id=\"22\" class=\"elementor elementor-22\" data-elementor-post-type=\"page\">\n\t\t\t\t\t\t<section class=\"elementor-section elementor-top-section elementor-element elementor-element-7626ba5 elementor-section-boxed elementor-section-height-default elementor-section-height-default\" data-id=\"7626ba5\" data-element_type=\"section\" data-e-type=\"section\">\n\t\t\t\t\t\t<div class=\"elementor-container elementor-column-gap-default\">\n\t\t\t\t\t<div class=\"elementor-column elementor-col-100 elementor-top-column elementor-element elementor-element-68531b1\" data-id=\"68531b1\" data-element_type=\"column\" data-e-type=\"column\">\n\t\t\t<div class=\"elementor-widget-wrap elementor-element-populated\">\n\t\t\t\t\t\t<div class=\"elementor-element elementor-element-8129a93 elementor-view-default elementor-widget elementor-widget-icon\" data-id=\"8129a93\" data-element_type=\"widget\" data-e-type=\"widget\" data-widget_type=\"icon.default\">\n\t\t\t\t<div class=\"elementor-widget-container\">\n\t\t\t\t\t\t\t<div class=\"elementor-icon-wrapper\">\n\t\t\t<div class=\"elementor-icon\">\n\t\t\t<i aria-hidden=\"true\" class=\"fas fa-people-carry\"><\/i>\t\t\t<\/div>\n\t\t<\/div>\n\t\t\t\t\t\t<\/div>\n\t\t\t\t<\/div>\n\t\t\t\t<div class=\"elementor-element elementor-element-728fb8c elementor-widget elementor-widget-heading\" data-id=\"728fb8c\" data-element_type=\"widget\" data-e-type=\"widget\" data-widget_type=\"heading.default\">\n\t\t\t\t<div class=\"elementor-widget-container\">\n\t\t\t\t\t<h1 class=\"elementor-heading-title elementor-size-default\">Vente en direct<\/h1>\t\t\t\t<\/div>\n\t\t\t\t<\/div>\n\t\t\t\t<div class=\"elementor-element elementor-element-7615a0e elementor-widget elementor-widget-text-editor\" data-id=\"7615a0e\" data-element_type=\"widget\" data-e-type=\"widget\" data-widget_type=\"text-editor.default\">\n\t\t\t\t<div class=\"elementor-widget-container\">\n\t\t\t\t\t\t\t\t\t<p><span style=\"font-weight: 400;\">L\u2019essentiel de notre production est vendue directement \u00e0 la cabane situ\u00e9e sur la gr\u00e8ve de La Tremblade. <strong><a href=\"https:\/\/www.huitres-tortillon-latremblade.fr\/index.php\/les-huitres\/\">Hu\u00eetres<\/a><\/strong>, <strong><a href=\"https:\/\/www.huitres-tortillon-latremblade.fr\/index.php\/les-palourdes\/\">palourdes<\/a><\/strong> et <a href=\"https:\/\/www.huitres-tortillon-latremblade.fr\/index.php\/les-gambas\/\"><strong>crevettes imp\u00e9riales (gambas)<\/strong><\/a> garnissent l\u2019\u00e9tal de la boutique en fonction de la saisonnalit\u00e9 et de la demande, gages de qualit\u00e9.\u00a0 Coquillages et crustac\u00e9s peuvent \u00eatre emball\u00e9s dans un conditionnement ad\u00e9quat lors de vos d\u00e9placements.<\/span><\/p><p><span style=\"font-weight: 400;\">Alors, n\u2019h\u00e9sitez plus, offrez des Hu\u00eetres <strong><a href=\"https:\/\/www.dev6-artgrafik.com\/index.php\/qui-sommes-nous\/\">Tortillon<\/a><\/strong> !<\/span><\/p>\t\t\t\t\t\t\t\t<\/div>\n\t\t\t\t<\/div>\n\t\t\t\t\t<\/div>\n\t\t<\/div>\n\t\t\t\t\t<\/div>\n\t\t<\/section>\n\t\t\t\t<section class=\"elementor-section elementor-top-section elementor-element elementor-element-2020936 elementor-section-full_width elementor-section-height-default elementor-section-height-default\" data-id=\"2020936\" data-element_type=\"section\" data-e-type=\"section\">\n\t\t\t\t\t\t<div class=\"elementor-container elementor-column-gap-no\">\n\t\t\t\t\t<div class=\"elementor-column elementor-col-100 elementor-top-column elementor-element elementor-element-26b6cf6\" data-id=\"26b6cf6\" data-element_type=\"column\" data-e-type=\"column\">\n\t\t\t<div class=\"elementor-widget-wrap elementor-element-populated\">\n\t\t\t\t\t\t<div class=\"elementor-element elementor-element-cf56719 elementor-widget elementor-widget-image\" data-id=\"cf56719\" data-element_type=\"widget\" data-e-type=\"widget\" data-widget_type=\"image.default\">\n\t\t\t\t<div class=\"elementor-widget-container\">\n\t\t\t\t\t\t\t\t\t\t\t\t\t\t\t<img fetchpriority=\"high\" decoding=\"async\" width=\"1357\" height=\"763\" src=\"https:\/\/www.huitres-tortillon-latremblade.fr\/wp-content\/uploads\/2020\/07\/huitres-tortillon-la-tremblade-cote-greve-2.png\" class=\"attachment-full size-full wp-image-490\" alt=\"\" srcset=\"https:\/\/www.huitres-tortillon-latremblade.fr\/wp-content\/uploads\/2020\/07\/huitres-tortillon-la-tremblade-cote-greve-2.png 1357w, https:\/\/www.huitres-tortillon-latremblade.fr\/wp-content\/uploads\/2020\/07\/huitres-tortillon-la-tremblade-cote-greve-2-300x169.png 300w, https:\/\/www.huitres-tortillon-latremblade.fr\/wp-content\/uploads\/2020\/07\/huitres-tortillon-la-tremblade-cote-greve-2-1024x576.png 1024w, https:\/\/www.huitres-tortillon-latremblade.fr\/wp-content\/uploads\/2020\/07\/huitres-tortillon-la-tremblade-cote-greve-2-768x432.png 768w\" sizes=\"100vw\" \/>\t\t\t\t\t\t\t\t\t\t\t\t\t\t\t<\/div>\n\t\t\t\t<\/div>\n\t\t\t\t\t<\/div>\n\t\t<\/div>\n\t\t\t\t\t<\/div>\n\t\t<\/section>\n\t\t\t\t<section class=\"elementor-section elementor-top-section elementor-element elementor-element-f0dac56 elementor-section-full_width elementor-section-height-default elementor-section-height-default\" data-id=\"f0dac56\" data-element_type=\"section\" data-e-type=\"section\">\n\t\t\t\t\t\t<div class=\"elementor-container elementor-column-gap-no\">\n\t\t\t\t\t<div class=\"elementor-column elementor-col-50 elementor-top-column elementor-element elementor-element-16d1731\" data-id=\"16d1731\" data-element_type=\"column\" data-e-type=\"column\">\n\t\t\t<div class=\"elementor-widget-wrap elementor-element-populated\">\n\t\t\t\t\t\t<div class=\"elementor-element elementor-element-c838a41 elementor-widget elementor-widget-image\" data-id=\"c838a41\" data-element_type=\"widget\" data-e-type=\"widget\" data-widget_type=\"image.default\">\n\t\t\t\t<div class=\"elementor-widget-container\">\n\t\t\t\t\t\t\t\t\t\t\t\t\t\t\t<img decoding=\"async\" width=\"1280\" height=\"720\" src=\"https:\/\/www.huitres-tortillon-latremblade.fr\/wp-content\/uploads\/2022\/08\/huitrerie-tortillon-biere-Grande.jpeg\" class=\"attachment-full size-full wp-image-561\" alt=\"\" srcset=\"https:\/\/www.huitres-tortillon-latremblade.fr\/wp-content\/uploads\/2022\/08\/huitrerie-tortillon-biere-Grande.jpeg 1280w, https:\/\/www.huitres-tortillon-latremblade.fr\/wp-content\/uploads\/2022\/08\/huitrerie-tortillon-biere-Grande-300x169.jpeg 300w, https:\/\/www.huitres-tortillon-latremblade.fr\/wp-content\/uploads\/2022\/08\/huitrerie-tortillon-biere-Grande-1024x576.jpeg 1024w, https:\/\/www.huitres-tortillon-latremblade.fr\/wp-content\/uploads\/2022\/08\/huitrerie-tortillon-biere-Grande-768x432.jpeg 768w\" sizes=\"100vw\" \/>\t\t\t\t\t\t\t\t\t\t\t\t\t\t\t<\/div>\n\t\t\t\t<\/div>\n\t\t\t\t\t<\/div>\n\t\t<\/div>\n\t\t\t\t<div class=\"elementor-column elementor-col-50 elementor-top-column elementor-element elementor-element-a87eec3\" data-id=\"a87eec3\" data-element_type=\"column\" data-e-type=\"column\">\n\t\t\t<div class=\"elementor-widget-wrap elementor-element-populated\">\n\t\t\t\t\t\t<div class=\"elementor-element elementor-element-ecc8389 elementor-widget elementor-widget-image\" data-id=\"ecc8389\" data-element_type=\"widget\" data-e-type=\"widget\" data-widget_type=\"image.default\">\n\t\t\t\t<div class=\"elementor-widget-container\">\n\t\t\t\t\t\t\t\t\t\t\t\t\t\t\t<img decoding=\"async\" width=\"1280\" height=\"720\" src=\"https:\/\/www.huitres-tortillon-latremblade.fr\/wp-content\/uploads\/2022\/08\/huitrerie-tortillon-pot-Grande.jpeg\" class=\"attachment-full size-full wp-image-566\" alt=\"\" srcset=\"https:\/\/www.huitres-tortillon-latremblade.fr\/wp-content\/uploads\/2022\/08\/huitrerie-tortillon-pot-Grande.jpeg 1280w, https:\/\/www.huitres-tortillon-latremblade.fr\/wp-content\/uploads\/2022\/08\/huitrerie-tortillon-pot-Grande-300x169.jpeg 300w, https:\/\/www.huitres-tortillon-latremblade.fr\/wp-content\/uploads\/2022\/08\/huitrerie-tortillon-pot-Grande-1024x576.jpeg 1024w, https:\/\/www.huitres-tortillon-latremblade.fr\/wp-content\/uploads\/2022\/08\/huitrerie-tortillon-pot-Grande-768x432.jpeg 768w\" sizes=\"100vw\" \/>\t\t\t\t\t\t\t\t\t\t\t\t\t\t\t<\/div>\n\t\t\t\t<\/div>\n\t\t\t\t\t<\/div>\n\t\t<\/div>\n\t\t\t\t\t<\/div>\n\t\t<\/section>\n\t\t\t\t<section class=\"elementor-section elementor-top-section elementor-element elementor-element-6cc4092 elementor-section-full_width elementor-section-height-default elementor-section-height-default\" data-id=\"6cc4092\" data-element_type=\"section\" data-e-type=\"section\">\n\t\t\t\t\t\t<div class=\"elementor-container elementor-column-gap-no\">\n\t\t\t\t\t<div class=\"elementor-column elementor-col-100 elementor-top-column elementor-element elementor-element-a903a7d\" data-id=\"a903a7d\" data-element_type=\"column\" data-e-type=\"column\">\n\t\t\t<div class=\"elementor-widget-wrap elementor-element-populated\">\n\t\t\t\t\t\t<div class=\"elementor-element elementor-element-007be9c elementor-widget elementor-widget-image\" data-id=\"007be9c\" data-element_type=\"widget\" data-e-type=\"widget\" data-widget_type=\"image.default\">\n\t\t\t\t<div class=\"elementor-widget-container\">\n\t\t\t\t\t\t\t\t\t\t\t\t\t\t\t<img loading=\"lazy\" decoding=\"async\" width=\"1280\" height=\"720\" src=\"https:\/\/www.huitres-tortillon-latremblade.fr\/wp-content\/uploads\/2022\/08\/huitrerie-tortillon-soupe-Grande.jpeg\" class=\"attachment-full size-full wp-image-568\" alt=\"\" srcset=\"https:\/\/www.huitres-tortillon-latremblade.fr\/wp-content\/uploads\/2022\/08\/huitrerie-tortillon-soupe-Grande.jpeg 1280w, https:\/\/www.huitres-tortillon-latremblade.fr\/wp-content\/uploads\/2022\/08\/huitrerie-tortillon-soupe-Grande-300x169.jpeg 300w, https:\/\/www.huitres-tortillon-latremblade.fr\/wp-content\/uploads\/2022\/08\/huitrerie-tortillon-soupe-Grande-1024x576.jpeg 1024w, https:\/\/www.huitres-tortillon-latremblade.fr\/wp-content\/uploads\/2022\/08\/huitrerie-tortillon-soupe-Grande-768x432.jpeg 768w\" sizes=\"100vw\" \/>\t\t\t\t\t\t\t\t\t\t\t\t\t\t\t<\/div>\n\t\t\t\t<\/div>\n\t\t\t\t\t<\/div>\n\t\t<\/div>\n\t\t\t\t\t<\/div>\n\t\t<\/section>\n\t\t\t\t<section class=\"elementor-section elementor-top-section elementor-element elementor-element-da8a689 elementor-section-boxed elementor-section-height-default elementor-section-height-default\" data-id=\"da8a689\" data-element_type=\"section\" data-e-type=\"section\" data-settings=\"{&quot;background_background&quot;:&quot;classic&quot;}\">\n\t\t\t\t\t\t<div class=\"elementor-container elementor-column-gap-default\">\n\t\t\t\t\t<div class=\"elementor-column elementor-col-100 elementor-top-column elementor-element elementor-element-751c69a\" data-id=\"751c69a\" data-element_type=\"column\" data-e-type=\"column\">\n\t\t\t<div class=\"elementor-widget-wrap elementor-element-populated\">\n\t\t\t\t\t\t<div class=\"elementor-element elementor-element-67bca19 elementor-widget elementor-widget-text-editor\" data-id=\"67bca19\" data-element_type=\"widget\" data-e-type=\"widget\" data-widget_type=\"text-editor.default\">\n\t\t\t\t<div class=\"elementor-widget-container\">\n\t\t\t\t\t\t\t\t\t<p><span style=\"font-size: 1rem;\">La boutique propose \u00e9galement des produits r\u00e9gionaux, appr\u00e9ci\u00e9s pour leurs qualit\u00e9s gustatives et artisanales: soupe de poissons, sel, salicorne, bi\u00e8re artisanale, Pineau des Charentes et vin de pays, sans oublier les moules de fili\u00e8re ou de Bouchot.&nbsp;<\/span><\/p>\t\t\t\t\t\t\t\t<\/div>\n\t\t\t\t<\/div>\n\t\t\t\t<section class=\"elementor-section elementor-inner-section elementor-element elementor-element-f35b0ce elementor-section-boxed elementor-section-height-default elementor-section-height-default\" data-id=\"f35b0ce\" data-element_type=\"section\" data-e-type=\"section\" data-settings=\"{&quot;background_background&quot;:&quot;classic&quot;}\">\n\t\t\t\t\t\t<div class=\"elementor-container elementor-column-gap-default\">\n\t\t\t\t\t<div class=\"elementor-column elementor-col-100 elementor-inner-column elementor-element elementor-element-027d17e\" data-id=\"027d17e\" data-element_type=\"column\" data-e-type=\"column\">\n\t\t\t<div class=\"elementor-widget-wrap elementor-element-populated\">\n\t\t\t\t\t\t<div class=\"elementor-element elementor-element-ae3a0d4 elementor-view-default elementor-widget elementor-widget-icon\" data-id=\"ae3a0d4\" data-element_type=\"widget\" data-e-type=\"widget\" data-widget_type=\"icon.default\">\n\t\t\t\t<div class=\"elementor-widget-container\">\n\t\t\t\t\t\t\t<div class=\"elementor-icon-wrapper\">\n\t\t\t<div class=\"elementor-icon\">\n\t\t\t<i aria-hidden=\"true\" class=\"fas fa-shipping-fast\"><\/i>\t\t\t<\/div>\n\t\t<\/div>\n\t\t\t\t\t\t<\/div>\n\t\t\t\t<\/div>\n\t\t\t\t<div class=\"elementor-element elementor-element-74dbf4f elementor-widget elementor-widget-text-editor\" data-id=\"74dbf4f\" data-element_type=\"widget\" data-e-type=\"widget\" data-widget_type=\"text-editor.default\">\n\t\t\t\t<div class=\"elementor-widget-container\">\n\t\t\t\t\t\t\t\t\t<p>Une envie\u00a0<a href=\"https:\/\/www.huitres-tortillon-latremblade.fr\/index.php\/les-huitres\/\" target=\"_blank\" rel=\"noopener\" data-saferedirecturl=\"https:\/\/www.google.com\/url?q=https:\/\/www.huitres-tortillon-latremblade.fr\/index.php\/les-huitres\/&amp;source=gmail&amp;ust=1739365492806000&amp;usg=AOvVaw1-fBU7ras-SSjkhlqprXEr\"><strong>d\u2019hu\u00eetres<\/strong><\/a>, de\u00a0<a href=\"https:\/\/www.huitres-tortillon-latremblade.fr\/index.php\/les-palourdes\/\" target=\"_blank\" rel=\"noopener\" data-saferedirecturl=\"https:\/\/www.google.com\/url?q=https:\/\/www.huitres-tortillon-latremblade.fr\/index.php\/les-palourdes\/&amp;source=gmail&amp;ust=1739365492806000&amp;usg=AOvVaw3RHAefiDQnVdK6ttX8_o2r\"><strong>palourdes<\/strong><\/a>\u00a0ou de\u00a0<a href=\"https:\/\/www.huitres-tortillon-latremblade.fr\/index.php\/les-gambas\/\" target=\"_blank\" rel=\"noopener\" data-saferedirecturl=\"https:\/\/www.google.com\/url?q=https:\/\/www.huitres-tortillon-latremblade.fr\/index.php\/les-gambas\/&amp;source=gmail&amp;ust=1739365492806000&amp;usg=AOvVaw0PXLMzOQpUSKPCt0ylB5j0\"><strong>crevettes imp\u00e9riales (gambas)<\/strong><\/a> alors que vous \u00eates \u00e0 l\u2019autre bout de la France, nos exp\u00e9ditions la satisferont par le biais de diff\u00e9rents transporteurs. Contactez nous par t\u00e9l\u00e9phone.\u00a0<\/p><p><strong>Comit\u00e9s d&rsquo;entreprises bienvenus.<\/strong><\/p>\t\t\t\t\t\t\t\t<\/div>\n\t\t\t\t<\/div>\n\t\t\t\t\t<\/div>\n\t\t<\/div>\n\t\t\t\t\t<\/div>\n\t\t<\/section>\n\t\t\t\t<div class=\"elementor-element elementor-element-41ec733 elementor-align-center elementor-widget elementor-widget-button\" data-id=\"41ec733\" data-element_type=\"widget\" data-e-type=\"widget\" data-widget_type=\"button.default\">\n\t\t\t\t<div class=\"elementor-widget-container\">\n\t\t\t\t\t\t\t\t\t<div class=\"elementor-button-wrapper\">\n\t\t\t\t\t<a class=\"elementor-button elementor-button-link elementor-size-sm\" href=\"https:\/\/www.huitres-tortillon-latremblade.fr\/index.php\/commander\/\">\n\t\t\t\t\t\t<span class=\"elementor-button-content-wrapper\">\n\t\t\t\t\t\t\t\t\t<span class=\"elementor-button-text\">Nous contacter<\/span>\n\t\t\t\t\t<\/span>\n\t\t\t\t\t<\/a>\n\t\t\t\t<\/div>\n\t\t\t\t\t\t\t\t<\/div>\n\t\t\t\t<\/div>\n\t\t\t\t\t<\/div>\n\t\t<\/div>\n\t\t\t\t\t<\/div>\n\t\t<\/section>\n\t\t\t\t<\/div>\n\t\t","protected":false},"excerpt":{"rendered":"<p>Vente en direct L\u2019essentiel de notre production est vendue directement \u00e0 la cabane situ\u00e9e sur la gr\u00e8ve de La Tremblade. Hu\u00eetres, palourdes et crevettes imp\u00e9riales (gambas) garnissent l\u2019\u00e9tal de la boutique en fonction de la saisonnalit\u00e9 et de la demande, gages de qualit\u00e9.\u00a0 Coquillages et crustac\u00e9s peuvent \u00eatre emball\u00e9s dans un conditionnement ad\u00e9quat lors de &hellip; <\/p>\n<p class=\"link-more\"><a href=\"https:\/\/www.huitres-tortillon-latremblade.fr\/index.php\/vente-en-direct\/\" class=\"more-link\">Continuer la lecture<span class=\"screen-reader-text\"> de &laquo;&nbsp;Vente en direct&nbsp;&raquo;<\/span><\/a><\/p>\n","protected":false},"author":1,"featured_media":0,"parent":0,"menu_order":7,"comment_status":"closed","ping_status":"closed","template":"elementor_header_footer","meta":{"footnotes":""},"class_list":["post-22","page","type-page","status-publish","hentry"],"yoast_head":"<!-- This site is optimized with the Yoast SEO plugin v27.3 - https:\/\/yoast.com\/product\/yoast-seo-wordpress\/ -->\n<title>Vente en direct - Hu\u00eetrerie Tortillon<\/title>\n<meta name=\"description\" content=\"L\u2019essentiel de notre production est vendue directement \u00e0 la cabane situ\u00e9e sur la gr\u00e8ve de La Tremblade. Hu\u00eetres, palourdes et crevettes imp\u00e9riales...\" \/>\n<meta name=\"robots\" content=\"index, follow, max-snippet:-1, max-image-preview:large, max-video-preview:-1\" \/>\n<link rel=\"canonical\" href=\"https:\/\/www.huitres-tortillon-latremblade.fr\/index.php\/vente-en-direct\/\" \/>\n<meta property=\"og:locale\" content=\"fr_FR\" \/>\n<meta property=\"og:type\" content=\"article\" \/>\n<meta property=\"og:title\" content=\"Vente en direct - Hu\u00eetrerie Tortillon\" \/>\n<meta property=\"og:description\" content=\"L\u2019essentiel de notre production est vendue directement \u00e0 la cabane situ\u00e9e sur la gr\u00e8ve de La Tremblade. Hu\u00eetres, palourdes et crevettes imp\u00e9riales...\" \/>\n<meta property=\"og:url\" content=\"https:\/\/www.huitres-tortillon-latremblade.fr\/index.php\/vente-en-direct\/\" \/>\n<meta property=\"og:site_name\" content=\"Hu\u00eetrerie Tortillon\" \/>\n<meta property=\"article:publisher\" content=\"https:\/\/www.facebook.com\/huitrestortillon\/\" \/>\n<meta property=\"article:modified_time\" content=\"2025-02-13T09:38:39+00:00\" \/>\n<meta property=\"og:image\" content=\"https:\/\/www.huitres-tortillon-latremblade.fr\/wp-content\/uploads\/2020\/07\/huitres-tortillon-la-tremblade-cote-greve-2.png\" \/>\n\t<meta property=\"og:image:width\" content=\"1357\" \/>\n\t<meta property=\"og:image:height\" content=\"763\" \/>\n\t<meta property=\"og:image:type\" content=\"image\/png\" \/>\n<meta name=\"twitter:card\" content=\"summary_large_image\" \/>\n<meta name=\"twitter:label1\" content=\"Dur\u00e9e de lecture estim\u00e9e\" \/>\n\t<meta name=\"twitter:data1\" content=\"2 minutes\" \/>\n<script type=\"application\/ld+json\" class=\"yoast-schema-graph\">{\"@context\":\"https:\\\/\\\/schema.org\",\"@graph\":[{\"@type\":\"WebPage\",\"@id\":\"https:\\\/\\\/www.huitres-tortillon-latremblade.fr\\\/index.php\\\/vente-en-direct\\\/\",\"url\":\"https:\\\/\\\/www.huitres-tortillon-latremblade.fr\\\/index.php\\\/vente-en-direct\\\/\",\"name\":\"Vente en direct - Hu\u00eetrerie Tortillon\",\"isPartOf\":{\"@id\":\"https:\\\/\\\/www.huitres-tortillon-latremblade.fr\\\/#website\"},\"primaryImageOfPage\":{\"@id\":\"https:\\\/\\\/www.huitres-tortillon-latremblade.fr\\\/index.php\\\/vente-en-direct\\\/#primaryimage\"},\"image\":{\"@id\":\"https:\\\/\\\/www.huitres-tortillon-latremblade.fr\\\/index.php\\\/vente-en-direct\\\/#primaryimage\"},\"thumbnailUrl\":\"https:\\\/\\\/www.huitres-tortillon-latremblade.fr\\\/wp-content\\\/uploads\\\/2020\\\/07\\\/huitres-tortillon-la-tremblade-cote-greve-2.png\",\"datePublished\":\"2020-02-05T22:18:17+00:00\",\"dateModified\":\"2025-02-13T09:38:39+00:00\",\"description\":\"L\u2019essentiel de notre production est vendue directement \u00e0 la cabane situ\u00e9e sur la gr\u00e8ve de La Tremblade. Hu\u00eetres, palourdes et crevettes imp\u00e9riales...\",\"breadcrumb\":{\"@id\":\"https:\\\/\\\/www.huitres-tortillon-latremblade.fr\\\/index.php\\\/vente-en-direct\\\/#breadcrumb\"},\"inLanguage\":\"fr-FR\",\"potentialAction\":[{\"@type\":\"ReadAction\",\"target\":[\"https:\\\/\\\/www.huitres-tortillon-latremblade.fr\\\/index.php\\\/vente-en-direct\\\/\"]}]},{\"@type\":\"ImageObject\",\"inLanguage\":\"fr-FR\",\"@id\":\"https:\\\/\\\/www.huitres-tortillon-latremblade.fr\\\/index.php\\\/vente-en-direct\\\/#primaryimage\",\"url\":\"https:\\\/\\\/www.huitres-tortillon-latremblade.fr\\\/wp-content\\\/uploads\\\/2020\\\/07\\\/huitres-tortillon-la-tremblade-cote-greve-2.png\",\"contentUrl\":\"https:\\\/\\\/www.huitres-tortillon-latremblade.fr\\\/wp-content\\\/uploads\\\/2020\\\/07\\\/huitres-tortillon-la-tremblade-cote-greve-2.png\",\"width\":1357,\"height\":763},{\"@type\":\"BreadcrumbList\",\"@id\":\"https:\\\/\\\/www.huitres-tortillon-latremblade.fr\\\/index.php\\\/vente-en-direct\\\/#breadcrumb\",\"itemListElement\":[{\"@type\":\"ListItem\",\"position\":1,\"name\":\"Accueil\",\"item\":\"https:\\\/\\\/www.huitres-tortillon-latremblade.fr\\\/\"},{\"@type\":\"ListItem\",\"position\":2,\"name\":\"Vente en direct\"}]},{\"@type\":\"WebSite\",\"@id\":\"https:\\\/\\\/www.huitres-tortillon-latremblade.fr\\\/#website\",\"url\":\"https:\\\/\\\/www.huitres-tortillon-latremblade.fr\\\/\",\"name\":\"Hu\u00eetrerie Tortillon\",\"description\":\"Producteurs d&#039;hu\u00eetres, de palourdes et de crevettes imp\u00e9riales (Gambas)\",\"potentialAction\":[{\"@type\":\"SearchAction\",\"target\":{\"@type\":\"EntryPoint\",\"urlTemplate\":\"https:\\\/\\\/www.huitres-tortillon-latremblade.fr\\\/?s={search_term_string}\"},\"query-input\":{\"@type\":\"PropertyValueSpecification\",\"valueRequired\":true,\"valueName\":\"search_term_string\"}}],\"inLanguage\":\"fr-FR\"}]}<\/script>\n<!-- \/ Yoast SEO plugin. -->","yoast_head_json":{"title":"Vente en direct - Hu\u00eetrerie Tortillon","description":"L\u2019essentiel de notre production est vendue directement \u00e0 la cabane situ\u00e9e sur la gr\u00e8ve de La Tremblade. Hu\u00eetres, palourdes et crevettes imp\u00e9riales...","robots":{"index":"index","follow":"follow","max-snippet":"max-snippet:-1","max-image-preview":"max-image-preview:large","max-video-preview":"max-video-preview:-1"},"canonical":"https:\/\/www.huitres-tortillon-latremblade.fr\/index.php\/vente-en-direct\/","og_locale":"fr_FR","og_type":"article","og_title":"Vente en direct - Hu\u00eetrerie Tortillon","og_description":"L\u2019essentiel de notre production est vendue directement \u00e0 la cabane situ\u00e9e sur la gr\u00e8ve de La Tremblade. Hu\u00eetres, palourdes et crevettes imp\u00e9riales...","og_url":"https:\/\/www.huitres-tortillon-latremblade.fr\/index.php\/vente-en-direct\/","og_site_name":"Hu\u00eetrerie Tortillon","article_publisher":"https:\/\/www.facebook.com\/huitrestortillon\/","article_modified_time":"2025-02-13T09:38:39+00:00","og_image":[{"width":1357,"height":763,"url":"https:\/\/www.huitres-tortillon-latremblade.fr\/wp-content\/uploads\/2020\/07\/huitres-tortillon-la-tremblade-cote-greve-2.png","type":"image\/png"}],"twitter_card":"summary_large_image","twitter_misc":{"Dur\u00e9e de lecture estim\u00e9e":"2 minutes"},"schema":{"@context":"https:\/\/schema.org","@graph":[{"@type":"WebPage","@id":"https:\/\/www.huitres-tortillon-latremblade.fr\/index.php\/vente-en-direct\/","url":"https:\/\/www.huitres-tortillon-latremblade.fr\/index.php\/vente-en-direct\/","name":"Vente en direct - Hu\u00eetrerie Tortillon","isPartOf":{"@id":"https:\/\/www.huitres-tortillon-latremblade.fr\/#website"},"primaryImageOfPage":{"@id":"https:\/\/www.huitres-tortillon-latremblade.fr\/index.php\/vente-en-direct\/#primaryimage"},"image":{"@id":"https:\/\/www.huitres-tortillon-latremblade.fr\/index.php\/vente-en-direct\/#primaryimage"},"thumbnailUrl":"https:\/\/www.huitres-tortillon-latremblade.fr\/wp-content\/uploads\/2020\/07\/huitres-tortillon-la-tremblade-cote-greve-2.png","datePublished":"2020-02-05T22:18:17+00:00","dateModified":"2025-02-13T09:38:39+00:00","description":"L\u2019essentiel de notre production est vendue directement \u00e0 la cabane situ\u00e9e sur la gr\u00e8ve de La Tremblade. Hu\u00eetres, palourdes et crevettes imp\u00e9riales...","breadcrumb":{"@id":"https:\/\/www.huitres-tortillon-latremblade.fr\/index.php\/vente-en-direct\/#breadcrumb"},"inLanguage":"fr-FR","potentialAction":[{"@type":"ReadAction","target":["https:\/\/www.huitres-tortillon-latremblade.fr\/index.php\/vente-en-direct\/"]}]},{"@type":"ImageObject","inLanguage":"fr-FR","@id":"https:\/\/www.huitres-tortillon-latremblade.fr\/index.php\/vente-en-direct\/#primaryimage","url":"https:\/\/www.huitres-tortillon-latremblade.fr\/wp-content\/uploads\/2020\/07\/huitres-tortillon-la-tremblade-cote-greve-2.png","contentUrl":"https:\/\/www.huitres-tortillon-latremblade.fr\/wp-content\/uploads\/2020\/07\/huitres-tortillon-la-tremblade-cote-greve-2.png","width":1357,"height":763},{"@type":"BreadcrumbList","@id":"https:\/\/www.huitres-tortillon-latremblade.fr\/index.php\/vente-en-direct\/#breadcrumb","itemListElement":[{"@type":"ListItem","position":1,"name":"Accueil","item":"https:\/\/www.huitres-tortillon-latremblade.fr\/"},{"@type":"ListItem","position":2,"name":"Vente en direct"}]},{"@type":"WebSite","@id":"https:\/\/www.huitres-tortillon-latremblade.fr\/#website","url":"https:\/\/www.huitres-tortillon-latremblade.fr\/","name":"Hu\u00eetrerie Tortillon","description":"Producteurs d&#039;hu\u00eetres, de palourdes et de crevettes imp\u00e9riales (Gambas)","potentialAction":[{"@type":"SearchAction","target":{"@type":"EntryPoint","urlTemplate":"https:\/\/www.huitres-tortillon-latremblade.fr\/?s={search_term_string}"},"query-input":{"@type":"PropertyValueSpecification","valueRequired":true,"valueName":"search_term_string"}}],"inLanguage":"fr-FR"}]}},"_links":{"self":[{"href":"https:\/\/www.huitres-tortillon-latremblade.fr\/index.php\/wp-json\/wp\/v2\/pages\/22","targetHints":{"allow":["GET"]}}],"collection":[{"href":"https:\/\/www.huitres-tortillon-latremblade.fr\/index.php\/wp-json\/wp\/v2\/pages"}],"about":[{"href":"https:\/\/www.huitres-tortillon-latremblade.fr\/index.php\/wp-json\/wp\/v2\/types\/page"}],"author":[{"embeddable":true,"href":"https:\/\/www.huitres-tortillon-latremblade.fr\/index.php\/wp-json\/wp\/v2\/users\/1"}],"replies":[{"embeddable":true,"href":"https:\/\/www.huitres-tortillon-latremblade.fr\/index.php\/wp-json\/wp\/v2\/comments?post=22"}],"version-history":[{"count":39,"href":"https:\/\/www.huitres-tortillon-latremblade.fr\/index.php\/wp-json\/wp\/v2\/pages\/22\/revisions"}],"predecessor-version":[{"id":627,"href":"https:\/\/www.huitres-tortillon-latremblade.fr\/index.php\/wp-json\/wp\/v2\/pages\/22\/revisions\/627"}],"wp:attachment":[{"href":"https:\/\/www.huitres-tortillon-latremblade.fr\/index.php\/wp-json\/wp\/v2\/media?parent=22"}],"curies":[{"name":"wp","href":"https:\/\/api.w.org\/{rel}","templated":true}]}}