{"id":24,"date":"2020-02-05T22:19:25","date_gmt":"2020-02-05T22:19:25","guid":{"rendered":"https:\/\/www.dev6-artgrafik.com\/?page_id=24"},"modified":"2026-02-05T15:04:08","modified_gmt":"2026-02-05T15:04:08","slug":"commander","status":"publish","type":"page","link":"https:\/\/www.huitres-tortillon-latremblade.fr\/index.php\/commander\/","title":{"rendered":"Commander"},"content":{"rendered":"\t\t<div data-elementor-type=\"wp-page\" data-elementor-id=\"24\" class=\"elementor elementor-24\" data-elementor-post-type=\"page\">\n\t\t\t\t\t\t<section class=\"elementor-section elementor-top-section elementor-element elementor-element-bce123f elementor-section-boxed elementor-section-height-default elementor-section-height-default\" data-id=\"bce123f\" data-element_type=\"section\" data-e-type=\"section\">\n\t\t\t\t\t\t<div class=\"elementor-container elementor-column-gap-no\">\n\t\t\t\t\t<div class=\"elementor-column elementor-col-100 elementor-top-column elementor-element elementor-element-6290704\" data-id=\"6290704\" data-element_type=\"column\" data-e-type=\"column\">\n\t\t\t<div class=\"elementor-widget-wrap elementor-element-populated\">\n\t\t\t\t\t\t<div class=\"elementor-element elementor-element-189da18 elementor-view-default elementor-widget elementor-widget-icon\" data-id=\"189da18\" data-element_type=\"widget\" data-e-type=\"widget\" data-widget_type=\"icon.default\">\n\t\t\t\t<div class=\"elementor-widget-container\">\n\t\t\t\t\t\t\t<div class=\"elementor-icon-wrapper\">\n\t\t\t<div class=\"elementor-icon\">\n\t\t\t<i aria-hidden=\"true\" class=\"fas fa-shipping-fast\"><\/i>\t\t\t<\/div>\n\t\t<\/div>\n\t\t\t\t\t\t<\/div>\n\t\t\t\t<\/div>\n\t\t\t\t<div class=\"elementor-element elementor-element-90f6a9d elementor-widget elementor-widget-heading\" data-id=\"90f6a9d\" data-element_type=\"widget\" data-e-type=\"widget\" data-widget_type=\"heading.default\">\n\t\t\t\t<div class=\"elementor-widget-container\">\n\t\t\t\t\t<h1 class=\"elementor-heading-title elementor-size-default\">Commander<\/h1>\t\t\t\t<\/div>\n\t\t\t\t<\/div>\n\t\t\t\t<div class=\"elementor-element elementor-element-07a4931 elementor-widget elementor-widget-text-editor\" data-id=\"07a4931\" data-element_type=\"widget\" data-e-type=\"widget\" data-widget_type=\"text-editor.default\">\n\t\t\t\t<div class=\"elementor-widget-container\">\n\t\t\t\t\t\t\t\t\t<p>Vous souhaitez commander, nous rendre visite ou d\u00e9guster nos produits, retrouvez nos horaires d&rsquo;ouverture et nos coordonn\u00e9es.<\/p>\t\t\t\t\t\t\t\t<\/div>\n\t\t\t\t<\/div>\n\t\t\t\t\t<\/div>\n\t\t<\/div>\n\t\t\t\t\t<\/div>\n\t\t<\/section>\n\t\t\t\t<section class=\"elementor-section elementor-top-section elementor-element elementor-element-d08162b elementor-section-boxed elementor-section-height-default elementor-section-height-default\" data-id=\"d08162b\" data-element_type=\"section\" data-e-type=\"section\" data-settings=\"{&quot;background_background&quot;:&quot;classic&quot;}\">\n\t\t\t\t\t\t<div class=\"elementor-container elementor-column-gap-no\">\n\t\t\t\t\t<div class=\"elementor-column elementor-col-33 elementor-top-column elementor-element elementor-element-8c634f8\" data-id=\"8c634f8\" data-element_type=\"column\" data-e-type=\"column\">\n\t\t\t<div class=\"elementor-widget-wrap elementor-element-populated\">\n\t\t\t\t\t\t<div class=\"elementor-element elementor-element-9f362b8 elementor-widget elementor-widget-google_maps\" data-id=\"9f362b8\" data-element_type=\"widget\" data-e-type=\"widget\" data-widget_type=\"google_maps.default\">\n\t\t\t\t<div class=\"elementor-widget-container\">\n\t\t\t\t\t\t\t<div class=\"elementor-custom-embed\">\n\t\t\t<iframe loading=\"lazy\"\n\t\t\t\t\tsrc=\"https:\/\/maps.google.com\/maps?q=Boulevard%20Roger%20Leteli%C3%A9%2017390%20LA%20TREMBADE&#038;t=m&#038;z=10&#038;output=embed&#038;iwloc=near\"\n\t\t\t\t\ttitle=\"Boulevard Roger Leteli\u00e9 17390 LA TREMBADE\"\n\t\t\t\t\taria-label=\"Boulevard Roger Leteli\u00e9 17390 LA TREMBADE\"\n\t\t\t><\/iframe>\n\t\t<\/div>\n\t\t\t\t\t\t<\/div>\n\t\t\t\t<\/div>\n\t\t\t\t\t<\/div>\n\t\t<\/div>\n\t\t\t\t<div class=\"elementor-column elementor-col-33 elementor-top-column elementor-element elementor-element-1a34961\" data-id=\"1a34961\" data-element_type=\"column\" data-e-type=\"column\" data-settings=\"{&quot;background_background&quot;:&quot;classic&quot;}\">\n\t\t\t<div class=\"elementor-widget-wrap elementor-element-populated\">\n\t\t\t\t\t\t<div class=\"elementor-element elementor-element-821afa0 elementor-widget elementor-widget-heading\" data-id=\"821afa0\" data-element_type=\"widget\" data-e-type=\"widget\" data-widget_type=\"heading.default\">\n\t\t\t\t<div class=\"elementor-widget-container\">\n\t\t\t\t\t<h2 class=\"elementor-heading-title elementor-size-xl\">Nos horaires<\/h2>\t\t\t\t<\/div>\n\t\t\t\t<\/div>\n\t\t\t\t<div class=\"elementor-element elementor-element-34cc6a2 elementor-widget elementor-widget-price-list\" data-id=\"34cc6a2\" data-element_type=\"widget\" data-e-type=\"widget\" data-widget_type=\"price-list.default\">\n\t\t\t\t<div class=\"elementor-widget-container\">\n\t\t\t\t\t\n\t\t<ul class=\"elementor-price-list\">\n\n\t\t\t\t\t\t\t\t\t<li><a class=\"elementor-price-list-item\" href=\"#\">\t\t\t\t\n\t\t\t\t<div class=\"elementor-price-list-text\">\n\t\t\t\t\t\t\t\t\t<div class=\"elementor-price-list-header\">\n\t\t\t\t\t\t\t\t\t\t\t<span class=\"elementor-price-list-title\">\n\t\t\t\t\t\t\tJanvier, F\u00e9vrier, Mars\t\t\t\t\t\t<\/span>\n\t\t\t\t\t\t\t\t\t\t\t\t\t\t\t\t\t\t\t\t\t<\/div>\n\t\t\t\t\t\t\t\t\t\t\t\t\t\t\t<p class=\"elementor-price-list-description\">\n\t\t\t\t\t\t\tDe 9h \u00e0 12h30 et de 14h \u00e0 18h, sauf lundi et dimanche.\t\t\t\t\t\t<\/p>\n\t\t\t\t\t\t\t\t<\/div>\n\t\t\t\t<\/a><\/li>\t\t\t\t\t\t\t\t\t\t\t\t<li><a class=\"elementor-price-list-item\" href=\"#\">\t\t\t\t\n\t\t\t\t<div class=\"elementor-price-list-text\">\n\t\t\t\t\t\t\t\t\t<div class=\"elementor-price-list-header\">\n\t\t\t\t\t\t\t\t\t\t\t<span class=\"elementor-price-list-title\">\n\t\t\t\t\t\t\tAvril, Mai, Juin, Septembre, Octobre\t\t\t\t\t\t<\/span>\n\t\t\t\t\t\t\t\t\t\t\t\t\t\t\t\t\t\t\t\t\t<\/div>\n\t\t\t\t\t\t\t\t\t\t\t\t\t\t\t<p class=\"elementor-price-list-description\">\n\t\t\t\t\t\t\tDe 9h \u00e0 19h, sauf lundi et dimanche apr\u00e9s-midi.\t\t\t\t\t\t<\/p>\n\t\t\t\t\t\t\t\t<\/div>\n\t\t\t\t<\/a><\/li>\t\t\t\t\t\t\t\t\t\t\t\t<li><a class=\"elementor-price-list-item\" href=\"#\">\t\t\t\t\n\t\t\t\t<div class=\"elementor-price-list-text\">\n\t\t\t\t\t\t\t\t\t<div class=\"elementor-price-list-header\">\n\t\t\t\t\t\t\t\t\t\t\t<span class=\"elementor-price-list-title\">\n\t\t\t\t\t\t\tJuillet et Ao\u00fbt\t\t\t\t\t\t<\/span>\n\t\t\t\t\t\t\t\t\t\t\t\t\t\t\t\t\t\t\t\t\t<\/div>\n\t\t\t\t\t\t\t\t\t\t\t\t\t\t\t<p class=\"elementor-price-list-description\">\n\t\t\t\t\t\t\tDe 8h30 \u00e0 22h du mardi au dimanche\t\t\t\t\t\t<\/p>\n\t\t\t\t\t\t\t\t<\/div>\n\t\t\t\t<\/a><\/li>\t\t\t\t\t\t\t\t\t\t\t\t<li><a class=\"elementor-price-list-item\" href=\"#\">\t\t\t\t\n\t\t\t\t<div class=\"elementor-price-list-text\">\n\t\t\t\t\t\t\t\t\t<div class=\"elementor-price-list-header\">\n\t\t\t\t\t\t\t\t\t\t\t<span class=\"elementor-price-list-title\">\n\t\t\t\t\t\t\tNovembre et d\u00e9cembre\t\t\t\t\t\t<\/span>\n\t\t\t\t\t\t\t\t\t\t\t\t\t\t\t\t\t\t\t\t\t<\/div>\n\t\t\t\t\t\t\t\t\t\t\t\t\t\t\t<p class=\"elementor-price-list-description\">\n\t\t\t\t\t\t\tDe 9h \u00e0 12h30 et de 14h \u00e0 18h, sauf lundi et dimanche apr\u00e9s-midi.\t\t\t\t\t\t<\/p>\n\t\t\t\t\t\t\t\t<\/div>\n\t\t\t\t<\/a><\/li>\t\t\t\t\t\n\t\t<\/ul>\n\n\t\t\t\t\t\t<\/div>\n\t\t\t\t<\/div>\n\t\t\t\t\t<\/div>\n\t\t<\/div>\n\t\t\t\t<div class=\"elementor-column elementor-col-33 elementor-top-column elementor-element elementor-element-604d79c\" data-id=\"604d79c\" data-element_type=\"column\" data-e-type=\"column\" data-settings=\"{&quot;background_background&quot;:&quot;classic&quot;}\">\n\t\t\t<div class=\"elementor-widget-wrap elementor-element-populated\">\n\t\t\t\t\t\t<div class=\"elementor-element elementor-element-83415fc elementor-widget elementor-widget-heading\" data-id=\"83415fc\" data-element_type=\"widget\" data-e-type=\"widget\" data-widget_type=\"heading.default\">\n\t\t\t\t<div class=\"elementor-widget-container\">\n\t\t\t\t\t<h2 class=\"elementor-heading-title elementor-size-xl\">Contact<\/h2>\t\t\t\t<\/div>\n\t\t\t\t<\/div>\n\t\t\t\t<div class=\"elementor-element elementor-element-383d01b elementor-icon-list--layout-inline elementor-list-item-link-full_width elementor-widget elementor-widget-icon-list\" data-id=\"383d01b\" data-element_type=\"widget\" data-e-type=\"widget\" data-widget_type=\"icon-list.default\">\n\t\t\t\t<div class=\"elementor-widget-container\">\n\t\t\t\t\t\t\t<ul class=\"elementor-icon-list-items elementor-inline-items\">\n\t\t\t\t\t\t\t<li class=\"elementor-icon-list-item elementor-inline-item\">\n\t\t\t\t\t\t\t\t\t\t\t<a href=\"\">\n\n\t\t\t\t\t\t\t\t\t\t\t\t<span class=\"elementor-icon-list-icon\">\n\t\t\t\t\t\t\t<i aria-hidden=\"true\" class=\"fas fa-map-marker-alt\"><\/i>\t\t\t\t\t\t<\/span>\n\t\t\t\t\t\t\t\t\t\t<span class=\"elementor-icon-list-text\">Boulevard Roger Leteli\u00e9 17390 LA TREMBLADE<\/span>\n\t\t\t\t\t\t\t\t\t\t\t<\/a>\n\t\t\t\t\t\t\t\t\t<\/li>\n\t\t\t\t\t\t<\/ul>\n\t\t\t\t\t\t<\/div>\n\t\t\t\t<\/div>\n\t\t\t\t<div class=\"elementor-element elementor-element-c19d58f elementor-icon-list--layout-traditional elementor-list-item-link-full_width elementor-widget elementor-widget-icon-list\" data-id=\"c19d58f\" data-element_type=\"widget\" data-e-type=\"widget\" data-widget_type=\"icon-list.default\">\n\t\t\t\t<div class=\"elementor-widget-container\">\n\t\t\t\t\t\t\t<ul class=\"elementor-icon-list-items\">\n\t\t\t\t\t\t\t<li class=\"elementor-icon-list-item\">\n\t\t\t\t\t\t\t\t\t\t\t<a href=\"tel:+33546363706\">\n\n\t\t\t\t\t\t\t\t\t\t\t\t<span class=\"elementor-icon-list-icon\">\n\t\t\t\t\t\t\t<i aria-hidden=\"true\" class=\"fas fa-phone-alt\"><\/i>\t\t\t\t\t\t<\/span>\n\t\t\t\t\t\t\t\t\t\t<span class=\"elementor-icon-list-text\">05 46 36 37 06<\/span>\n\t\t\t\t\t\t\t\t\t\t\t<\/a>\n\t\t\t\t\t\t\t\t\t<\/li>\n\t\t\t\t\t\t\t\t<li class=\"elementor-icon-list-item\">\n\t\t\t\t\t\t\t\t\t\t\t<a href=\"tel:+33613783742\">\n\n\t\t\t\t\t\t\t\t\t\t\t\t<span class=\"elementor-icon-list-icon\">\n\t\t\t\t\t\t\t<i aria-hidden=\"true\" class=\"fas fa-phone-alt\"><\/i>\t\t\t\t\t\t<\/span>\n\t\t\t\t\t\t\t\t\t\t<span class=\"elementor-icon-list-text\">06 13 78 37 42<\/span>\n\t\t\t\t\t\t\t\t\t\t\t<\/a>\n\t\t\t\t\t\t\t\t\t<\/li>\n\t\t\t\t\t\t\t\t<li class=\"elementor-icon-list-item\">\n\t\t\t\t\t\t\t\t\t\t\t<a href=\"mailto:wilfriedcarole@orange.fr\">\n\n\t\t\t\t\t\t\t\t\t\t\t\t<span class=\"elementor-icon-list-icon\">\n\t\t\t\t\t\t\t<i aria-hidden=\"true\" class=\"fas fa-envelope\"><\/i>\t\t\t\t\t\t<\/span>\n\t\t\t\t\t\t\t\t\t\t<span class=\"elementor-icon-list-text\">wilfriedcarole@orange.fr<\/span>\n\t\t\t\t\t\t\t\t\t\t\t<\/a>\n\t\t\t\t\t\t\t\t\t<\/li>\n\t\t\t\t\t\t<\/ul>\n\t\t\t\t\t\t<\/div>\n\t\t\t\t<\/div>\n\t\t\t\t\t<\/div>\n\t\t<\/div>\n\t\t\t\t\t<\/div>\n\t\t<\/section>\n\t\t\t\t<section class=\"elementor-section elementor-top-section elementor-element elementor-element-0e20a68 elementor-section-boxed elementor-section-height-default elementor-section-height-default\" data-id=\"0e20a68\" data-element_type=\"section\" data-e-type=\"section\" data-settings=\"{&quot;background_background&quot;:&quot;classic&quot;}\">\n\t\t\t\t\t\t<div class=\"elementor-container elementor-column-gap-default\">\n\t\t\t\t\t<div class=\"elementor-column elementor-col-100 elementor-top-column elementor-element elementor-element-d193986\" data-id=\"d193986\" data-element_type=\"column\" data-e-type=\"column\">\n\t\t\t<div class=\"elementor-widget-wrap elementor-element-populated\">\n\t\t\t\t\t\t<div class=\"elementor-element elementor-element-70db046 elementor-view-default elementor-widget elementor-widget-icon\" data-id=\"70db046\" data-element_type=\"widget\" data-e-type=\"widget\" data-widget_type=\"icon.default\">\n\t\t\t\t<div class=\"elementor-widget-container\">\n\t\t\t\t\t\t\t<div class=\"elementor-icon-wrapper\">\n\t\t\t<div class=\"elementor-icon\">\n\t\t\t<i aria-hidden=\"true\" class=\"fas fa-walking\"><\/i>\t\t\t<\/div>\n\t\t<\/div>\n\t\t\t\t\t\t<\/div>\n\t\t\t\t<\/div>\n\t\t\t\t<div class=\"elementor-element elementor-element-8425a0b elementor-widget elementor-widget-heading\" data-id=\"8425a0b\" data-element_type=\"widget\" data-e-type=\"widget\" data-widget_type=\"heading.default\">\n\t\t\t\t<div class=\"elementor-widget-container\">\n\t\t\t\t\t<h2 class=\"elementor-heading-title elementor-size-default\">\u00c0 emporter<\/h2>\t\t\t\t<\/div>\n\t\t\t\t<\/div>\n\t\t\t\t<section class=\"elementor-section elementor-inner-section elementor-element elementor-element-4cc994c elementor-section-boxed elementor-section-height-default elementor-section-height-default\" data-id=\"4cc994c\" data-element_type=\"section\" data-e-type=\"section\">\n\t\t\t\t\t\t<div class=\"elementor-container elementor-column-gap-default\">\n\t\t\t\t\t<div class=\"elementor-column elementor-col-33 elementor-inner-column elementor-element elementor-element-0a71973\" data-id=\"0a71973\" data-element_type=\"column\" data-e-type=\"column\">\n\t\t\t<div class=\"elementor-widget-wrap elementor-element-populated\">\n\t\t\t\t\t\t<div class=\"elementor-element elementor-element-1181971 elementor-view-default elementor-widget elementor-widget-icon\" data-id=\"1181971\" data-element_type=\"widget\" data-e-type=\"widget\" data-widget_type=\"icon.default\">\n\t\t\t\t<div class=\"elementor-widget-container\">\n\t\t\t\t\t\t\t<div class=\"elementor-icon-wrapper\">\n\t\t\t<div class=\"elementor-icon\">\n\t\t\t<i aria-hidden=\"true\" class=\"fas fa-anchor\"><\/i>\t\t\t<\/div>\n\t\t<\/div>\n\t\t\t\t\t\t<\/div>\n\t\t\t\t<\/div>\n\t\t\t\t<div class=\"elementor-element elementor-element-f3f60d9 elementor-widget elementor-widget-heading\" data-id=\"f3f60d9\" data-element_type=\"widget\" data-e-type=\"widget\" data-widget_type=\"heading.default\">\n\t\t\t\t<div class=\"elementor-widget-container\">\n\t\t\t\t\t<h3 class=\"elementor-heading-title elementor-size-default\">Commander le jour m\u00eame<\/h3>\t\t\t\t<\/div>\n\t\t\t\t<\/div>\n\t\t\t\t<div class=\"elementor-element elementor-element-85b008f elementor-widget elementor-widget-text-editor\" data-id=\"85b008f\" data-element_type=\"widget\" data-e-type=\"widget\" data-widget_type=\"text-editor.default\">\n\t\t\t\t<div class=\"elementor-widget-container\">\n\t\t\t\t\t\t\t\t\t<p><b>Hu\u00eetres ouvertes avec pain, beurre, citron, grillon charentais et sauce \u00e9chalote\u00a0 (tarifs selon la qualit\u00e9 et le calibre des hu\u00eetres, nous consulter)<\/b><\/p><p><b> Assiette de palourdes (500g) \u00e0 la plancha : 10\u20ac \/ \u00a010,50\u20ac avec pain et beurre<\/b><\/p><p><span style=\"font-size: 1rem;\"><b>Assiette de moules (500g) \u00e0 la plancha : 7\u20ac (en saison) \/ 8\u20ac avec pain et beurre<\/b><\/span><\/p>\t\t\t\t\t\t\t\t<\/div>\n\t\t\t\t<\/div>\n\t\t\t\t\t<\/div>\n\t\t<\/div>\n\t\t\t\t<div class=\"elementor-column elementor-col-33 elementor-inner-column elementor-element elementor-element-4c78fc1\" data-id=\"4c78fc1\" data-element_type=\"column\" data-e-type=\"column\">\n\t\t\t<div class=\"elementor-widget-wrap elementor-element-populated\">\n\t\t\t\t\t\t<div class=\"elementor-element elementor-element-6e18f9d elementor-view-default elementor-widget elementor-widget-icon\" data-id=\"6e18f9d\" data-element_type=\"widget\" data-e-type=\"widget\" data-widget_type=\"icon.default\">\n\t\t\t\t<div class=\"elementor-widget-container\">\n\t\t\t\t\t\t\t<div class=\"elementor-icon-wrapper\">\n\t\t\t<div class=\"elementor-icon\">\n\t\t\t<i aria-hidden=\"true\" class=\"fas fa-anchor\"><\/i>\t\t\t<\/div>\n\t\t<\/div>\n\t\t\t\t\t\t<\/div>\n\t\t\t\t<\/div>\n\t\t\t\t<div class=\"elementor-element elementor-element-d2562c7 elementor-widget elementor-widget-heading\" data-id=\"d2562c7\" data-element_type=\"widget\" data-e-type=\"widget\" data-widget_type=\"heading.default\">\n\t\t\t\t<div class=\"elementor-widget-container\">\n\t\t\t\t\t<h3 class=\"elementor-heading-title elementor-size-default\">Commander le jour m\u00eame<\/h3>\t\t\t\t<\/div>\n\t\t\t\t<\/div>\n\t\t\t\t<div class=\"elementor-element elementor-element-f50382c elementor-widget elementor-widget-text-editor\" data-id=\"f50382c\" data-element_type=\"widget\" data-e-type=\"widget\" data-widget_type=\"text-editor.default\">\n\t\t\t\t<div class=\"elementor-widget-container\">\n\t\t\t\t\t\t\t\t\t<p style=\"text-align: center;\"><span style=\"font-weight: bold;\">Assiette de fruits de mer\u00a0<\/span>:<\/p><p style=\"text-align: center;\">14 \u20ac<\/p><p style=\"text-align: center;\">6 hu\u00eetres ouvertes\u00a0N\u00b03 fine de claires<br \/>6 bulots<br \/>6 crevettes roses<\/p><p style=\"text-align: center;\">pain, beurre, grillon charentais, citron<\/p>\t\t\t\t\t\t\t\t<\/div>\n\t\t\t\t<\/div>\n\t\t\t\t\t<\/div>\n\t\t<\/div>\n\t\t\t\t<div class=\"elementor-column elementor-col-33 elementor-inner-column elementor-element elementor-element-6fe1f1c\" data-id=\"6fe1f1c\" data-element_type=\"column\" data-e-type=\"column\">\n\t\t\t<div class=\"elementor-widget-wrap elementor-element-populated\">\n\t\t\t\t\t\t<div class=\"elementor-element elementor-element-67100b7 elementor-view-default elementor-widget elementor-widget-icon\" data-id=\"67100b7\" data-element_type=\"widget\" data-e-type=\"widget\" data-widget_type=\"icon.default\">\n\t\t\t\t<div class=\"elementor-widget-container\">\n\t\t\t\t\t\t\t<div class=\"elementor-icon-wrapper\">\n\t\t\t<div class=\"elementor-icon\">\n\t\t\t<i aria-hidden=\"true\" class=\"fas fa-anchor\"><\/i>\t\t\t<\/div>\n\t\t<\/div>\n\t\t\t\t\t\t<\/div>\n\t\t\t\t<\/div>\n\t\t\t\t<div class=\"elementor-element elementor-element-a394da8 elementor-widget elementor-widget-heading\" data-id=\"a394da8\" data-element_type=\"widget\" data-e-type=\"widget\" data-widget_type=\"heading.default\">\n\t\t\t\t<div class=\"elementor-widget-container\">\n\t\t\t\t\t<h3 class=\"elementor-heading-title elementor-size-default\">Commander 48 h \u00e0 l\u2019avance<\/h3>\t\t\t\t<\/div>\n\t\t\t\t<\/div>\n\t\t\t\t<div class=\"elementor-element elementor-element-0f0e425 elementor-widget elementor-widget-text-editor\" data-id=\"0f0e425\" data-element_type=\"widget\" data-e-type=\"widget\" data-widget_type=\"text-editor.default\">\n\t\t\t\t<div class=\"elementor-widget-container\">\n\t\t\t\t\t\t\t\t\t<p><b>Plateau de fruits de mer\u00a0:<\/b><\/p><p>26 \u20ac la part<\/p><p>6 hu\u00eetres ouvertes N\u00b03 fines de claires<br \/>6 bulots<br \/>6 crevettes roses<br \/>6 langoustines<br \/>8 palourdes<br \/>50 g de crevettes grises<br \/>\u00bd tourteau<br \/>citron<\/p>\t\t\t\t\t\t\t\t<\/div>\n\t\t\t\t<\/div>\n\t\t\t\t\t<\/div>\n\t\t<\/div>\n\t\t\t\t\t<\/div>\n\t\t<\/section>\n\t\t\t\t\t<\/div>\n\t\t<\/div>\n\t\t\t\t\t<\/div>\n\t\t<\/section>\n\t\t\t\t<\/div>\n\t\t","protected":false},"excerpt":{"rendered":"<p>Commander Vous souhaitez commander, nous rendre visite ou d\u00e9guster nos produits, retrouvez nos horaires d&rsquo;ouverture et nos coordonn\u00e9es. Nos horaires Janvier, F\u00e9vrier, Mars De 9h \u00e0 12h30 et de 14h \u00e0 18h, sauf lundi et dimanche. Avril, Mai, Juin, Septembre, Octobre De 9h \u00e0 19h, sauf lundi et dimanche apr\u00e9s-midi. Juillet et Ao\u00fbt De 8h30 &hellip; <\/p>\n<p class=\"link-more\"><a href=\"https:\/\/www.huitres-tortillon-latremblade.fr\/index.php\/commander\/\" class=\"more-link\">Continuer la lecture<span class=\"screen-reader-text\"> de &laquo;&nbsp;Commander&nbsp;&raquo;<\/span><\/a><\/p>\n","protected":false},"author":1,"featured_media":0,"parent":0,"menu_order":8,"comment_status":"closed","ping_status":"closed","template":"elementor_header_footer","meta":{"footnotes":""},"class_list":["post-24","page","type-page","status-publish","hentry"],"yoast_head":"<!-- This site is optimized with the Yoast SEO plugin v27.4 - https:\/\/yoast.com\/product\/yoast-seo-wordpress\/ -->\n<title>Commander - Hu\u00eetrerie Tortillon<\/title>\n<meta name=\"description\" content=\"Vous souhaitez commander, nous rendre visite ou d\u00e9guster nos produits, retrouvez nos horaires d\u2019ouverture et nos coordonn\u00e9es...\" \/>\n<meta name=\"robots\" content=\"index, follow, max-snippet:-1, max-image-preview:large, max-video-preview:-1\" \/>\n<link rel=\"canonical\" href=\"https:\/\/www.huitres-tortillon-latremblade.fr\/index.php\/commander\/\" \/>\n<meta property=\"og:locale\" content=\"fr_FR\" \/>\n<meta property=\"og:type\" content=\"article\" \/>\n<meta property=\"og:title\" content=\"Commander - Hu\u00eetrerie Tortillon\" \/>\n<meta property=\"og:description\" content=\"Vous souhaitez commander, nous rendre visite ou d\u00e9guster nos produits, retrouvez nos horaires d\u2019ouverture et nos coordonn\u00e9es...\" \/>\n<meta property=\"og:url\" content=\"https:\/\/www.huitres-tortillon-latremblade.fr\/index.php\/commander\/\" \/>\n<meta property=\"og:site_name\" content=\"Hu\u00eetrerie Tortillon\" \/>\n<meta property=\"article:publisher\" content=\"https:\/\/www.facebook.com\/huitrestortillon\/\" \/>\n<meta property=\"article:modified_time\" content=\"2026-02-05T15:04:08+00:00\" \/>\n<meta name=\"twitter:card\" content=\"summary_large_image\" \/>\n<meta name=\"twitter:label1\" content=\"Dur\u00e9e de lecture estim\u00e9e\" \/>\n\t<meta name=\"twitter:data1\" content=\"2 minutes\" \/>\n<script type=\"application\/ld+json\" class=\"yoast-schema-graph\">{\"@context\":\"https:\\\/\\\/schema.org\",\"@graph\":[{\"@type\":\"WebPage\",\"@id\":\"https:\\\/\\\/www.huitres-tortillon-latremblade.fr\\\/index.php\\\/commander\\\/\",\"url\":\"https:\\\/\\\/www.huitres-tortillon-latremblade.fr\\\/index.php\\\/commander\\\/\",\"name\":\"Commander - Hu\u00eetrerie Tortillon\",\"isPartOf\":{\"@id\":\"https:\\\/\\\/www.huitres-tortillon-latremblade.fr\\\/#website\"},\"datePublished\":\"2020-02-05T22:19:25+00:00\",\"dateModified\":\"2026-02-05T15:04:08+00:00\",\"description\":\"Vous souhaitez commander, nous rendre visite ou d\u00e9guster nos produits, retrouvez nos horaires d\u2019ouverture et nos coordonn\u00e9es...\",\"breadcrumb\":{\"@id\":\"https:\\\/\\\/www.huitres-tortillon-latremblade.fr\\\/index.php\\\/commander\\\/#breadcrumb\"},\"inLanguage\":\"fr-FR\",\"potentialAction\":[{\"@type\":\"ReadAction\",\"target\":[\"https:\\\/\\\/www.huitres-tortillon-latremblade.fr\\\/index.php\\\/commander\\\/\"]}]},{\"@type\":\"BreadcrumbList\",\"@id\":\"https:\\\/\\\/www.huitres-tortillon-latremblade.fr\\\/index.php\\\/commander\\\/#breadcrumb\",\"itemListElement\":[{\"@type\":\"ListItem\",\"position\":1,\"name\":\"Accueil\",\"item\":\"https:\\\/\\\/www.huitres-tortillon-latremblade.fr\\\/\"},{\"@type\":\"ListItem\",\"position\":2,\"name\":\"Commander\"}]},{\"@type\":\"WebSite\",\"@id\":\"https:\\\/\\\/www.huitres-tortillon-latremblade.fr\\\/#website\",\"url\":\"https:\\\/\\\/www.huitres-tortillon-latremblade.fr\\\/\",\"name\":\"Hu\u00eetrerie Tortillon\",\"description\":\"Producteurs d&#039;hu\u00eetres, de palourdes et de crevettes imp\u00e9riales (Gambas)\",\"potentialAction\":[{\"@type\":\"SearchAction\",\"target\":{\"@type\":\"EntryPoint\",\"urlTemplate\":\"https:\\\/\\\/www.huitres-tortillon-latremblade.fr\\\/?s={search_term_string}\"},\"query-input\":{\"@type\":\"PropertyValueSpecification\",\"valueRequired\":true,\"valueName\":\"search_term_string\"}}],\"inLanguage\":\"fr-FR\"}]}<\/script>\n<!-- \/ Yoast SEO plugin. -->","yoast_head_json":{"title":"Commander - Hu\u00eetrerie Tortillon","description":"Vous souhaitez commander, nous rendre visite ou d\u00e9guster nos produits, retrouvez nos horaires d\u2019ouverture et nos coordonn\u00e9es...","robots":{"index":"index","follow":"follow","max-snippet":"max-snippet:-1","max-image-preview":"max-image-preview:large","max-video-preview":"max-video-preview:-1"},"canonical":"https:\/\/www.huitres-tortillon-latremblade.fr\/index.php\/commander\/","og_locale":"fr_FR","og_type":"article","og_title":"Commander - Hu\u00eetrerie Tortillon","og_description":"Vous souhaitez commander, nous rendre visite ou d\u00e9guster nos produits, retrouvez nos horaires d\u2019ouverture et nos coordonn\u00e9es...","og_url":"https:\/\/www.huitres-tortillon-latremblade.fr\/index.php\/commander\/","og_site_name":"Hu\u00eetrerie Tortillon","article_publisher":"https:\/\/www.facebook.com\/huitrestortillon\/","article_modified_time":"2026-02-05T15:04:08+00:00","twitter_card":"summary_large_image","twitter_misc":{"Dur\u00e9e de lecture estim\u00e9e":"2 minutes"},"schema":{"@context":"https:\/\/schema.org","@graph":[{"@type":"WebPage","@id":"https:\/\/www.huitres-tortillon-latremblade.fr\/index.php\/commander\/","url":"https:\/\/www.huitres-tortillon-latremblade.fr\/index.php\/commander\/","name":"Commander - Hu\u00eetrerie Tortillon","isPartOf":{"@id":"https:\/\/www.huitres-tortillon-latremblade.fr\/#website"},"datePublished":"2020-02-05T22:19:25+00:00","dateModified":"2026-02-05T15:04:08+00:00","description":"Vous souhaitez commander, nous rendre visite ou d\u00e9guster nos produits, retrouvez nos horaires d\u2019ouverture et nos coordonn\u00e9es...","breadcrumb":{"@id":"https:\/\/www.huitres-tortillon-latremblade.fr\/index.php\/commander\/#breadcrumb"},"inLanguage":"fr-FR","potentialAction":[{"@type":"ReadAction","target":["https:\/\/www.huitres-tortillon-latremblade.fr\/index.php\/commander\/"]}]},{"@type":"BreadcrumbList","@id":"https:\/\/www.huitres-tortillon-latremblade.fr\/index.php\/commander\/#breadcrumb","itemListElement":[{"@type":"ListItem","position":1,"name":"Accueil","item":"https:\/\/www.huitres-tortillon-latremblade.fr\/"},{"@type":"ListItem","position":2,"name":"Commander"}]},{"@type":"WebSite","@id":"https:\/\/www.huitres-tortillon-latremblade.fr\/#website","url":"https:\/\/www.huitres-tortillon-latremblade.fr\/","name":"Hu\u00eetrerie Tortillon","description":"Producteurs d&#039;hu\u00eetres, de palourdes et de crevettes imp\u00e9riales (Gambas)","potentialAction":[{"@type":"SearchAction","target":{"@type":"EntryPoint","urlTemplate":"https:\/\/www.huitres-tortillon-latremblade.fr\/?s={search_term_string}"},"query-input":{"@type":"PropertyValueSpecification","valueRequired":true,"valueName":"search_term_string"}}],"inLanguage":"fr-FR"}]}},"_links":{"self":[{"href":"https:\/\/www.huitres-tortillon-latremblade.fr\/index.php\/wp-json\/wp\/v2\/pages\/24","targetHints":{"allow":["GET"]}}],"collection":[{"href":"https:\/\/www.huitres-tortillon-latremblade.fr\/index.php\/wp-json\/wp\/v2\/pages"}],"about":[{"href":"https:\/\/www.huitres-tortillon-latremblade.fr\/index.php\/wp-json\/wp\/v2\/types\/page"}],"author":[{"embeddable":true,"href":"https:\/\/www.huitres-tortillon-latremblade.fr\/index.php\/wp-json\/wp\/v2\/users\/1"}],"replies":[{"embeddable":true,"href":"https:\/\/www.huitres-tortillon-latremblade.fr\/index.php\/wp-json\/wp\/v2\/comments?post=24"}],"version-history":[{"count":69,"href":"https:\/\/www.huitres-tortillon-latremblade.fr\/index.php\/wp-json\/wp\/v2\/pages\/24\/revisions"}],"predecessor-version":[{"id":665,"href":"https:\/\/www.huitres-tortillon-latremblade.fr\/index.php\/wp-json\/wp\/v2\/pages\/24\/revisions\/665"}],"wp:attachment":[{"href":"https:\/\/www.huitres-tortillon-latremblade.fr\/index.php\/wp-json\/wp\/v2\/media?parent=24"}],"curies":[{"name":"wp","href":"https:\/\/api.w.org\/{rel}","templated":true}]}}